{"id":9167,"date":"2024-09-25T08:39:54","date_gmt":"2024-09-25T06:39:54","guid":{"rendered":"https:\/\/skiclubtaunus.de\/wms\/?page_id=9167"},"modified":"2026-04-11T14:23:33","modified_gmt":"2026-04-11T12:23:33","slug":"familienfahrt-2-ostern-schnalstal","status":"publish","type":"page","link":"https:\/\/skiclubtaunus.de\/wms\/familienfahrt-2-ostern-schnalstal\/","title":{"rendered":"Familienfahrt 2 &#8211; Ostern Schnalstal"},"content":{"rendered":"<p><strong>Familienfahrt Nr.2 &#8211; Fun &amp; Firn im Schnalstal<\/strong><br \/>\n<strong><em>f\u00fcr Familien mit Kindern und Single-Eltern<\/em><\/strong><br \/>\n<strong>vom 28.03.2026 bis 04.04.2026<\/strong><\/p>\n<p><img decoding=\"async\" src=\"https:\/\/skiclubtaunus.de\/wms\/wp-content\/uploads\/2016\/05\/VorlageBilderFahrten_Mittersil.jpg\"><\/p>\n<div class=\".Abstand2\"><span style=\"font-size: medium;\"><strong>Beschreibung:<\/strong><\/span><\/div>\n<p>Unsere Familienfahrt an Ostern f\u00fchrt uns diesmal wieder ins Schnalstal unweit der Fundstelle von \u00d6tzi. Das Gletscherskigebiet bietet eine Auswahl aus 42 Pistenkilometern und 13 Liftanlagen. Es herrscht absolute Schneegarantie von September bis Mai. Die Pisten ziehen sich von der Bergstation Grawand auf 3.212 Metern und den Bergstationen der Sessellifte bis zur Kurzraser Talstation auf \u00fcber 2.000 Metern. Die Pistenkilometer verteilen sich gleichm\u00e4\u00dfig auf blaue, rote und schwarze Pisten, sodass hier jeder auf seine Kosten kommt.<\/p>\n<div class=\"Abstand2\"><span style=\"font-size: medium;\"><strong>Leistungen:<\/strong><\/span><\/div>\n<ul>\n<li>Anreise:\n<ul>\n<li>Hinfahrt: Samstag, 28.03., im modernen Reisebus ab Amtsgericht Bad Homburg, Auf der Steinkaut 10-12, 61352 Bad Homburg, 06.00 Uhr, Parkpl\u00e4tze in der Gegend vorhanden.<\/li>\n<li>R\u00fcckfahrt: Samstag, 04.04., 08:00 Uhr, Ankunft in Bad Homburg gegen Abend<\/li>\n<\/ul>\n<\/li>\n<li>6 Tage Skipass Gletscherskigebiet Schnalstal<\/li>\n<li>Fahrt mit unserem modernen Reisebus ins Skigebiet<\/li>\n<li>7 x 3\/4 Pension mit reichhaltigem Fr\u00fchst\u00fccksbuffet, Nachmittagsjause, F\u00fcnfg\u00e4nge Wahl-Menu am Abend mit Salatb\u00fcffet, sowie Kinderb\u00fcffet<\/li>\n<li><u><strong>Bitte bei Onlinebuchung im Feld \u201eBemerkung\u201c angeben, wenn Lebensmittel f\u00fcr besondere Ern\u00e4hrungsbed\u00fcrfnisse gew\u00fcnscht sind, z.B. gluten- oder laktosefreie Nahrungsmittel.<\/strong><\/u><\/li>\n<li>Unterbringung erfolgt in Einzelzimmern (sehr begrenzte Anzahl), Komfort-Doppelzimmern, Komfort-DZ mit Zustellbett f\u00fcr Kinder bis 11 Jahre oder komfortablen Familiensuites (2 Schlafr\u00e4ume, Wohnraum, Balkon) f\u00fcr drei oder vier Personen<\/li>\n<li>Skibetreuung f\u00fcr Kinder in Gruppen durch zertifizierte \u00dcbungsleiter<\/li>\n<li>Erwachsene haben die M\u00f6glichkeit zusammen mit einem \u00dcbungsleiter im Skigebiet zu fahren<\/li>\n<li><u><strong>F\u00fcr alle Skifahrer ist in Italien eine Privat-Haftpflichtversicherung verpflichtend, eine Best\u00e4tigung der Versicherungsgesellschaft ist auf dem Smartphone oder als Ausdruck mitzuf\u00fchren.<\/strong><\/u><\/li>\n<li><u><strong>Helmpflicht f\u00fcr alle in S\u00fcdtirol.<\/strong><\/u><\/li>\n<\/ul>\n<p><strong>Neu beim Ski-Club Taunus:<\/strong><\/p>\n<ul>\n<li>Angebot eines Schnupperkurses <strong>\u201eSKITOUR\u201c<\/strong> (begrenzte Teilnehmerzahl) f\u00fcr Anf\u00e4nger und Fortgeschrittene. Leitung des Kurses durch einen zertifizierten und erfahrenen Tour-Guide. Das n\u00f6tige Material muss vom Teilnehmer mitgebracht oder auch vor Ort ausgeliehen werden. Bei Interesse in der Online-Anmeldung im Feld Bemerkung mit angeben.<\/li>\n<\/ul>\n<div class=\".Abstand3\"><strong>Unterkunft:<\/strong><\/div>\n<p>Familiengef\u00fchrtes 4-Sterne Active &amp; Familyhotel \u201eAdlernest\u201c in Unser Frau\/Schnals <a href=\"https:\/\/www.adlernest.com\/de\">www.adlernest.com<\/a><br \/>\nHallenbad, Wellnessbereich mit Saunen, Aromadampfbad und Relax-Zonen; Hoteleigener Kids-Club mit Programm f\u00fcr Kinder von 3 bis 12 Jahren von 13.30 bis 21 Uhr betreut durch geschultes Personal; Extra Teenie-Raum mit Playstation und Darts &amp; Gro\u00dfes Kinderspielzimmer mit Airhockey, Tischkicker, Ping Pong, kleiner Kletterwand<\/p>\n<div class=\".Abstand3\"><strong>Preise:<\/strong><\/div>\n<table>\n<tbody>\n<tr>\n<th>&nbsp;<\/th>\n<th>Mitglieder<\/th>\n<th>Nicht-Mitglieder<\/th>\n<\/tr>\n<tr>\n<td>Eine Person bei gemeinschaftlicher Unterbringung im Doppelzimmer<\/td>\n<td>\u20ac 1.600<\/td>\n<td>\u20ac 1.650<\/td>\n<\/tr>\n<tr>\n<td>Einzelzimmer<\/td>\n<td>\u20ac 1.870<\/td>\n<td>\u20ac 1.920<\/td>\n<\/tr>\n<tr>\n<td>DZ 1 Erwachsender 1, Kind 6 &#8211; 11 Jahre<\/td>\n<td>\u20ac 2.760<\/td>\n<td>\u20ac 2.860<\/td>\n<\/tr>\n<tr>\n<td>DZ 1 Erwachsender, 1 Kind 12 &#8211; 16 Jahre<\/td>\n<td>\u20ac 2.900<\/td>\n<td>\u20ac 3.000<\/td>\n<\/tr>\n<tr>\n<td>DZ 2 Erwachsene, 1 Kind bis 5 Jahre<\/td>\n<td>\u20ac 4.210<\/td>\n<td>\u20ac 4.360<\/td>\n<\/tr>\n<tr>\n<td>DZ 2 Erwachsene, 1 Kind 6 &#8211; 11 Jahre<\/td>\n<td>\u20ac 4.350<\/td>\n<td>\u20ac 4.500<\/td>\n<\/tr>\n<tr>\n<td>Familiensuite, 2 Erwachsene, 1 Kind bis 16 Jahre<\/td>\n<td>\u20ac 5.210<\/td>\n<td>\u20ac 5.270<\/td>\n<\/tr>\n<tr>\n<td>Familiensuite, 3 Erwachsene<\/td>\n<td>\u20ac 5.000<\/td>\n<td>\u20ac 5.150<\/td>\n<\/tr>\n<tr>\n<td>Familiensuite, 2 Erwachsene, 2 Kinder bis 16 Jahre<\/td>\n<td>\u20ac 6.280<\/td>\n<td>\u20ac 6.480<\/td>\n<\/tr>\n<tr>\n<td>Familiensuite, 4 Erwachsene<\/td>\n<td>\u20ac 6.030<\/td>\n<td>\u20ac 6.230<\/td>\n<\/tr>\n<\/tbody>\n<\/table>\n<p><em>Bei Vereinseintritt in den SCT werden Nicht-Mitgliedern 30 \u20ac auf den Clubbeitrag des ersten Jahres angerechnet.<\/em><\/p>\n<p>Die Mindestteilnehmerzahl betr\u00e4gt 35 Personen.<\/p>\n<div class=\".Abstand3\"><strong>Zahlung:<\/strong><\/div>\n<p>Anzahlung 100 \u20ac pro Person sofort bei Anmeldung. Restzahlung bis sp\u00e4testens 28.02.2026 auf das Konto: Taunus e.V. \u2013 IBAN: DE23 500 502 010 000 279 960 \u2013 BIC: HELADEF1822 Vermerk: \u201eFamilienfahrt Nr.2 \u2013 Teilnehmername(n)\u201c<\/p>\n<p>Anmeldebest\u00e4tigung erfolgt nach Eingang der Anmeldung + Anzahlung.<\/p>\n<p><strong>Begrenzte Teilnehmerzahl &#8211; Anmeldung + Anzahlungseingang = Reihenfolge<\/strong><\/p>\n<div class=\".Abstand3\"><strong>Ansprechpartner:<\/strong><\/div>\n<div style=\"float: left; width: 110px; padding-top: 10px;\"><img loading=\"lazy\" decoding=\"async\" title=\"\" src=\"https:\/\/skiclubtaunus.de\/wms\/wp-content\/uploads\/2024\/09\/Markus_Mueller.jpg\" alt=\"\" width=\"233\" height=\"300\"><\/div>\n<div style=\"margin-left: 70px; padding-left: 50px; padding-top: 5px;\">Markus M\u00fcller<br \/>\ntelefon: +49 1517 4410506<br \/>\nemail: mueller@ski-club-taunus.de<\/div>\n<div style=\"margin: 100px 0 0 0;\"><a href=\"https:\/\/skiclubtaunus.de\/wms\/anmeldung-familienfahrt-2\/\" class=\"medium otw-aqua radius otw-button\" target=\"_blank\">Jetzt Buchen<\/a><\/div>\n","protected":false},"excerpt":{"rendered":"<p>Familienfahrt Nr.2 &#8211; Fun &amp; Firn im Schnalstal f\u00fcr Familien mit Kindern und Single-Eltern vom 28.03.2026 bis 04.04.2026 Beschreibung: Unsere Familienfahrt an Ostern f\u00fchrt uns diesmal wieder ins Schnalstal unweit der Fundstelle von \u00d6tzi. Das Gletscherskigebiet bietet eine Auswahl aus 42 Pistenkilometern und 13 Liftanlagen. Es herrscht absolute Schneegarantie von September bis Mai. Die Pisten ziehen sich von der Bergstation&#8230; <a href=\"https:\/\/skiclubtaunus.de\/wms\/familienfahrt-2-ostern-schnalstal\/\">Read more &raquo;<\/a><\/p>\n","protected":false},"author":4,"featured_media":0,"parent":0,"menu_order":0,"comment_status":"closed","ping_status":"closed","template":"","meta":{"ngg_post_thumbnail":0,"footnotes":""},"class_list":["post-9167","page","type-page","status-publish","hentry"],"_links":{"self":[{"href":"https:\/\/skiclubtaunus.de\/wms\/wp-json\/wp\/v2\/pages\/9167","targetHints":{"allow":["GET"]}}],"collection":[{"href":"https:\/\/skiclubtaunus.de\/wms\/wp-json\/wp\/v2\/pages"}],"about":[{"href":"https:\/\/skiclubtaunus.de\/wms\/wp-json\/wp\/v2\/types\/page"}],"author":[{"embeddable":true,"href":"https:\/\/skiclubtaunus.de\/wms\/wp-json\/wp\/v2\/users\/4"}],"replies":[{"embeddable":true,"href":"https:\/\/skiclubtaunus.de\/wms\/wp-json\/wp\/v2\/comments?post=9167"}],"version-history":[{"count":9,"href":"https:\/\/skiclubtaunus.de\/wms\/wp-json\/wp\/v2\/pages\/9167\/revisions"}],"predecessor-version":[{"id":9441,"href":"https:\/\/skiclubtaunus.de\/wms\/wp-json\/wp\/v2\/pages\/9167\/revisions\/9441"}],"wp:attachment":[{"href":"https:\/\/skiclubtaunus.de\/wms\/wp-json\/wp\/v2\/media?parent=9167"}],"curies":[{"name":"wp","href":"https:\/\/api.w.org\/{rel}","templated":true}]}}