{"id":73,"date":"2016-01-18T06:09:20","date_gmt":"2016-01-18T05:09:20","guid":{"rendered":"http:\/\/skiclubtaunus.de\/wms\/?page_id=73"},"modified":"2026-04-11T14:23:33","modified_gmt":"2026-04-11T12:23:33","slug":"der-verein","status":"publish","type":"page","link":"https:\/\/skiclubtaunus.de\/wms\/der-verein\/","title":{"rendered":"Der Verein"},"content":{"rendered":"<p>Der Ski-Club Taunus e.V., gegr\u00fcndet 1901, ist der \u00e4lteste Skiclub Hessens und der zweit\u00e4lteste Deutschlands. Heute geh\u00f6rt er mit ca. 450 Mitgliedern zu den gro\u00dfen Skiclubs in Hessen.<\/p>\n<p>Am Anfang stand das Erleben der Winterlandschaft im Schnee mit dem neuen Sportger\u00e4t \u201eSki\u201c.<br \/>\nAber schon bald entwickelten sich sportliche Wettk\u00e4mpfe, wie Skispringen, Orientierungs- und Langlauf.<br \/>\n<img loading=\"lazy\" decoding=\"async\" class=\"b_alignleft wp-image-805 size-full\" src=\"http:\/\/skiclubtaunus.de\/wms\/wp-content\/uploads\/2016\/05\/1.jpg\" alt=\"1\" width=\"375\" height=\"226\" srcset=\"https:\/\/skiclubtaunus.de\/wms\/wp-content\/uploads\/2016\/05\/1.jpg 375w, https:\/\/skiclubtaunus.de\/wms\/wp-content\/uploads\/2016\/05\/1-300x181.jpg 300w\" sizes=\"auto, (max-width: 375px) 100vw, 375px\" \/>Der Ski-Club Taunus richtete in den ersten Jahren des letzten Jahrhunderts bereits alpine Wettbewerbe aus und baute den ersten Sprungh\u00fcgel im Taunus.<\/p>\n<p>Der gro\u00dfe sportliche Aufschwung des Ski-Club Taunus kam nach Ende des 2. Weltkrieges. Der Zuzug von Heimatvertriebenen aus den deutschen Ostgebieten wie dem Riesengebirge, dem Th\u00fcringer Wald und dem Erzgebirge, sowie berufsbedingt aus \u00d6sterreich in das Rhein-Main-Gebiet steigerte die sportliche Qualit\u00e4t in allen Mannschaftsteilen.<\/p>\n<table style=\"height: 140px;\" border=\"0\" align=\"center\">\n<tbody>\n<tr>\n<td><img loading=\"lazy\" decoding=\"async\" class=\"b_aligncenter size-full wp-image-806\" src=\"http:\/\/skiclubtaunus.de\/wms\/wp-content\/uploads\/2016\/05\/2.jpg\" alt=\"2\" width=\"89\" height=\"128\" \/><\/td>\n<td><img loading=\"lazy\" decoding=\"async\" class=\"b_aligncenter wp-image-807\" src=\"http:\/\/skiclubtaunus.de\/wms\/wp-content\/uploads\/2016\/05\/3.jpg\" alt=\"3\" width=\"205\" height=\"128\" \/><\/td>\n<td><img loading=\"lazy\" decoding=\"async\" class=\"b_aligncenter wp-image-808\" src=\"http:\/\/skiclubtaunus.de\/wms\/wp-content\/uploads\/2016\/05\/4.jpg\" alt=\"4\" width=\"195\" height=\"128\" \/><\/td>\n<\/tr>\n<\/tbody>\n<\/table>\n<p>Die Erfolge in den 50er und 60er Jahren reichten von Landesmeisterschaften \u00fcber deutsche-, \u00f6sterreichische-, internationale- bis hin zu Studentenweltmeisterschaften. Sportler des Ski-Club Taunus nahmen an den olympischen Winterspielen in Oslo und Cortina teil.<\/p>\n<h2>Wettkampfsport<\/h2>\n<p>Bis Ende der 90er Jahre war der Ski-Club Taunus der absolut f\u00fchrende Verein im alpinen Rennlauf in Hessen. Mit seinen alpinen Rennmannschaften dominierte er bei allen Rennen. Auch heute nimmt der Ski-Club Taunus eine f\u00fchrende Rolle im Hessischen Skisport ein.<br \/>\n<img loading=\"lazy\" decoding=\"async\" class=\"b_aligncenter size-full wp-image-863\" src=\"http:\/\/skiclubtaunus.de\/wms\/wp-content\/uploads\/2016\/01\/Screen-Shot-2016-05-27-at-17.46.59.png\" alt=\"Screen Shot 2016-05-27 at 17.46.59\" width=\"781\" height=\"506\" srcset=\"https:\/\/skiclubtaunus.de\/wms\/wp-content\/uploads\/2016\/01\/Screen-Shot-2016-05-27-at-17.46.59.png 781w, https:\/\/skiclubtaunus.de\/wms\/wp-content\/uploads\/2016\/01\/Screen-Shot-2016-05-27-at-17.46.59-300x194.png 300w, https:\/\/skiclubtaunus.de\/wms\/wp-content\/uploads\/2016\/01\/Screen-Shot-2016-05-27-at-17.46.59-768x498.png 768w, https:\/\/skiclubtaunus.de\/wms\/wp-content\/uploads\/2016\/01\/Screen-Shot-2016-05-27-at-17.46.59-624x404.png 624w\" sizes=\"auto, (max-width: 781px) 100vw, 781px\" \/><br \/>\n<img loading=\"lazy\" decoding=\"async\" class=\"b_alignright wp-image-867\" src=\"http:\/\/skiclubtaunus.de\/wms\/wp-content\/uploads\/2016\/01\/Screen-Shot-2016-05-27-at-17.47.20.png\" alt=\"Screen Shot 2016-05-27 at 17.47.20\" width=\"277\" height=\"200\" srcset=\"https:\/\/skiclubtaunus.de\/wms\/wp-content\/uploads\/2016\/01\/Screen-Shot-2016-05-27-at-17.47.20.png 743w, https:\/\/skiclubtaunus.de\/wms\/wp-content\/uploads\/2016\/01\/Screen-Shot-2016-05-27-at-17.47.20-300x217.png 300w, https:\/\/skiclubtaunus.de\/wms\/wp-content\/uploads\/2016\/01\/Screen-Shot-2016-05-27-at-17.47.20-624x451.png 624w\" sizes=\"auto, (max-width: 277px) 100vw, 277px\" \/>Die alpinen Bereiche in den meisten Vereinen beklagen Nachwuchs-probleme. Bedingt durch unterschiedlichste Interessen, alternative Jugendangebote und durch die wenig vorhandenen M\u00f6glichkeiten vor Ort alpinen Ski- und Snowboardsport zu betreiben, ist der Kreis derer, die unseren Sport aktiv und leistungsorientiert betreiben, erheblich eingeschr\u00e4nkt.<br \/>\nDer gro\u00dfe Zeitaufwand und die Kosten f\u00fcr Reisen und Sportausr\u00fcstung erleichtern das Betreiben des Wintersports nicht.<\/p>\n<h2>Trainingsangebot<\/h2>\n<p><img loading=\"lazy\" decoding=\"async\" class=\"b_alignleft wp-image-872\" src=\"http:\/\/skiclubtaunus.de\/wms\/wp-content\/uploads\/2016\/01\/Screen-Shot-2016-05-27-at-17.48.38.png\" alt=\"Screen Shot 2016-05-27 at 17.48.38\" width=\"271\" height=\"190\" srcset=\"https:\/\/skiclubtaunus.de\/wms\/wp-content\/uploads\/2016\/01\/Screen-Shot-2016-05-27-at-17.48.38.png 788w, https:\/\/skiclubtaunus.de\/wms\/wp-content\/uploads\/2016\/01\/Screen-Shot-2016-05-27-at-17.48.38-300x211.png 300w, https:\/\/skiclubtaunus.de\/wms\/wp-content\/uploads\/2016\/01\/Screen-Shot-2016-05-27-at-17.48.38-768x540.png 768w, https:\/\/skiclubtaunus.de\/wms\/wp-content\/uploads\/2016\/01\/Screen-Shot-2016-05-27-at-17.48.38-624x439.png 624w\" sizes=\"auto, (max-width: 271px) 100vw, 271px\" \/>Renntraining und Wettkampfbetreuung durch ausgebildete Trainer<br \/>\nWochenendfahrten, Skisafaris, Skitouren und Freeridekurse<br \/>\n<br style=\"clear:left;\"><\/p>\n<p><img loading=\"lazy\" decoding=\"async\" class=\"b_aligncenter size-full wp-image-874\" src=\"http:\/\/skiclubtaunus.de\/wms\/wp-content\/uploads\/2016\/01\/Screen-Shot-2016-05-27-at-17.49.23.png\" alt=\"Screen Shot 2016-05-27 at 17.49.23\" width=\"941\" height=\"380\" srcset=\"https:\/\/skiclubtaunus.de\/wms\/wp-content\/uploads\/2016\/01\/Screen-Shot-2016-05-27-at-17.49.23.png 941w, https:\/\/skiclubtaunus.de\/wms\/wp-content\/uploads\/2016\/01\/Screen-Shot-2016-05-27-at-17.49.23-300x121.png 300w, https:\/\/skiclubtaunus.de\/wms\/wp-content\/uploads\/2016\/01\/Screen-Shot-2016-05-27-at-17.49.23-768x310.png 768w, https:\/\/skiclubtaunus.de\/wms\/wp-content\/uploads\/2016\/01\/Screen-Shot-2016-05-27-at-17.49.23-624x252.png 624w\" sizes=\"auto, (max-width: 941px) 100vw, 941px\" \/><\/p>\n<h2>Kursangebote<\/h2>\n<p>Der Ski-Club Taunus bietet ein preisbewusstes, breites Angebot.<br \/>\nBei allen Kursen werden ausgebildete Skilehrer und \u00dcbungsleiter eingesetzt.<\/p>\n<p><img loading=\"lazy\" decoding=\"async\" class=\"b_alignright wp-image-876\" src=\"http:\/\/skiclubtaunus.de\/wms\/wp-content\/uploads\/2016\/01\/Screen-Shot-2016-05-27-at-17.49.31.png\" alt=\"Screen Shot 2016-05-27 at 17.49.31\" width=\"314\" height=\"182\" srcset=\"https:\/\/skiclubtaunus.de\/wms\/wp-content\/uploads\/2016\/01\/Screen-Shot-2016-05-27-at-17.49.31.png 680w, https:\/\/skiclubtaunus.de\/wms\/wp-content\/uploads\/2016\/01\/Screen-Shot-2016-05-27-at-17.49.31-300x174.png 300w, https:\/\/skiclubtaunus.de\/wms\/wp-content\/uploads\/2016\/01\/Screen-Shot-2016-05-27-at-17.49.31-624x362.png 624w\" sizes=\"auto, (max-width: 314px) 100vw, 314px\" \/><\/p>\n<p>Kinderskikurse im Taunus<br \/>\nKinder-<br \/>\nund Familienfahrten in die Alpen<br \/>\nSkireisen f\u00fcr Senioren<\/p>\n<p><br style=\"clear:right;\"><\/p>\n<p><img loading=\"lazy\" decoding=\"async\" class=\"b_alignleft size-medium wp-image-880\" src=\"http:\/\/skiclubtaunus.de\/wms\/wp-content\/uploads\/2016\/01\/Screen-Shot-2016-05-27-at-17.49.43-300x194.png\" alt=\"Screen Shot 2016-05-27 at 17.49.43\" width=\"300\" height=\"194\" srcset=\"https:\/\/skiclubtaunus.de\/wms\/wp-content\/uploads\/2016\/01\/Screen-Shot-2016-05-27-at-17.49.43-300x194.png 300w, https:\/\/skiclubtaunus.de\/wms\/wp-content\/uploads\/2016\/01\/Screen-Shot-2016-05-27-at-17.49.43-624x403.png 624w, https:\/\/skiclubtaunus.de\/wms\/wp-content\/uploads\/2016\/01\/Screen-Shot-2016-05-27-at-17.49.43.png 633w\" sizes=\"auto, (max-width: 300px) 100vw, 300px\" \/><\/p>\n<p>Ski- und Snowboardfreizeiten f\u00fcr Jugendliche mit Trainingsangeboten in den Bereichen Alpin, Freestyle\u00a0und Trend<\/p>\n<p><br style=\"clear:left;\"><\/p>\n<p><img loading=\"lazy\" decoding=\"async\" class=\"b_alignright size-medium wp-image-954\" src=\"http:\/\/skiclubtaunus.de\/wms\/wp-content\/uploads\/2016\/01\/Screen-Shot-2016-05-27-at-17.49.56-300x186.png\" alt=\"Screen Shot 2016-05-27 at 17.49.56\" width=\"300\" height=\"186\" srcset=\"https:\/\/skiclubtaunus.de\/wms\/wp-content\/uploads\/2016\/01\/Screen-Shot-2016-05-27-at-17.49.56-300x186.png 300w, https:\/\/skiclubtaunus.de\/wms\/wp-content\/uploads\/2016\/01\/Screen-Shot-2016-05-27-at-17.49.56-624x388.png 624w, https:\/\/skiclubtaunus.de\/wms\/wp-content\/uploads\/2016\/01\/Screen-Shot-2016-05-27-at-17.49.56.png 681w\" sizes=\"auto, (max-width: 300px) 100vw, 300px\" \/><br \/>\nAusbildung von Skilehrern, Trainern und \u00dcbungsleitern<br \/>\n<br style=\"clear:right;\"><\/p>\n<h2>Fitness<\/h2>\n<p><img loading=\"lazy\" decoding=\"async\" class=\"size-medium wp-image-955 b_alignright\" src=\"http:\/\/skiclubtaunus.de\/wms\/wp-content\/uploads\/2016\/01\/Screen-Shot-2016-05-27-at-17.50.06-300x219.png\" alt=\"Screen Shot 2016-05-27 at 17.50.06\" width=\"300\" height=\"219\" srcset=\"https:\/\/skiclubtaunus.de\/wms\/wp-content\/uploads\/2016\/01\/Screen-Shot-2016-05-27-at-17.50.06-300x219.png 300w, https:\/\/skiclubtaunus.de\/wms\/wp-content\/uploads\/2016\/01\/Screen-Shot-2016-05-27-at-17.50.06.png 579w\" sizes=\"auto, (max-width: 300px) 100vw, 300px\" \/><\/p>\n<p>Nordic Walking<br \/>\nDrei w\u00f6chentliche Gymnastik- und Trainingsabende<br \/>\nMonatlicher Seniorenwandertag im Taunus<br \/>\nGef\u00fchrte Radtouren<\/p>\n<p><br style=\"clear:right;\"><\/p>\n<h2>Wasserski<\/h2>\n<p>Seit den 60er Jahren verf\u00fcgt der Ski-Club Taunus \u00fcber eine Wasserskiabteilung mit eigenem Motorboot und Liegeplatz am Fechenheimer Mainufer. Dort kann man Wasserski- und Wakeboardfahren und unter Anleitung erlernen.<\/p>\n<table style=\"margin-left: auto; margin-right: auto;\">\n<tbody>\n<tr>\n<td><img loading=\"lazy\" decoding=\"async\" class=\"b_aligncenter size-medium wp-image-960\" src=\"http:\/\/skiclubtaunus.de\/wms\/wp-content\/uploads\/2016\/01\/Screen-Shot-2016-06-02-at-01.17.27-223x300.png\" alt=\"Screen Shot 2016-06-02 at 01.17.27\" width=\"223\" height=\"300\" srcset=\"https:\/\/skiclubtaunus.de\/wms\/wp-content\/uploads\/2016\/01\/Screen-Shot-2016-06-02-at-01.17.27-223x300.png 223w, https:\/\/skiclubtaunus.de\/wms\/wp-content\/uploads\/2016\/01\/Screen-Shot-2016-06-02-at-01.17.27.png 478w\" sizes=\"auto, (max-width: 223px) 100vw, 223px\" \/><\/td>\n<td><img loading=\"lazy\" decoding=\"async\" class=\"b_aligncenter size-medium wp-image-959\" src=\"http:\/\/skiclubtaunus.de\/wms\/wp-content\/uploads\/2016\/01\/Screen-Shot-2016-05-27-at-17.50.53-182x300.png\" alt=\"Screen Shot 2016-05-27 at 17.50.53\" width=\"182\" height=\"300\" srcset=\"https:\/\/skiclubtaunus.de\/wms\/wp-content\/uploads\/2016\/01\/Screen-Shot-2016-05-27-at-17.50.53-182x300.png 182w, https:\/\/skiclubtaunus.de\/wms\/wp-content\/uploads\/2016\/01\/Screen-Shot-2016-05-27-at-17.50.53.png 382w\" sizes=\"auto, (max-width: 182px) 100vw, 182px\" \/><\/td>\n<\/tr>\n<\/tbody>\n<\/table>\n<h2>Gesellschaftliche Veranstaltungendes Ski-Club Taunus<\/h2>\n<p><img loading=\"lazy\" decoding=\"async\" class=\"b_alignright size-medium wp-image-965\" src=\"http:\/\/skiclubtaunus.de\/wms\/wp-content\/uploads\/2016\/01\/Screen-Shot-2016-05-27-at-17.51.03-300x213.png\" alt=\"Screen Shot 2016-05-27 at 17.51.03\" width=\"300\" height=\"213\" srcset=\"https:\/\/skiclubtaunus.de\/wms\/wp-content\/uploads\/2016\/01\/Screen-Shot-2016-05-27-at-17.51.03-300x213.png 300w, https:\/\/skiclubtaunus.de\/wms\/wp-content\/uploads\/2016\/01\/Screen-Shot-2016-05-27-at-17.51.03.png 554w\" sizes=\"auto, (max-width: 300px) 100vw, 300px\" \/><br \/>\nSkiwochenende mit Clubmeisterschaft<br \/>\n\u201eWinterverbrennung\u201c und Aktivenehrung als Saisonabschluss<br \/>\nSkibasar in Bad Homburg<\/p>\n<p>Ziel des Ski-Club Taunus ist, in unserer Region ein attraktives Angebot f\u00fcr Freunde des sportlichen, alpinen Skilaufs und Snowboard darzustellen.<\/p>\n","protected":false},"excerpt":{"rendered":"<p>Der Ski-Club Taunus e.V., gegr\u00fcndet 1901, ist der \u00e4lteste Skiclub Hessens und der zweit\u00e4lteste Deutschlands. Heute geh\u00f6rt er mit ca. 450 Mitgliedern zu den gro\u00dfen Skiclubs in Hessen. Am Anfang stand das Erleben der Winterlandschaft im Schnee mit dem neuen Sportger\u00e4t \u201eSki\u201c. Aber schon bald entwickelten sich sportliche Wettk\u00e4mpfe, wie Skispringen, Orientierungs- und Langlauf. Der Ski-Club Taunus richtete in den&#8230; <a href=\"https:\/\/skiclubtaunus.de\/wms\/der-verein\/\">Read more &raquo;<\/a><\/p>\n","protected":false},"author":1,"featured_media":0,"parent":0,"menu_order":0,"comment_status":"closed","ping_status":"closed","template":"","meta":{"ngg_post_thumbnail":0,"footnotes":""},"class_list":["post-73","page","type-page","status-publish","hentry"],"_links":{"self":[{"href":"https:\/\/skiclubtaunus.de\/wms\/wp-json\/wp\/v2\/pages\/73","targetHints":{"allow":["GET"]}}],"collection":[{"href":"https:\/\/skiclubtaunus.de\/wms\/wp-json\/wp\/v2\/pages"}],"about":[{"href":"https:\/\/skiclubtaunus.de\/wms\/wp-json\/wp\/v2\/types\/page"}],"author":[{"embeddable":true,"href":"https:\/\/skiclubtaunus.de\/wms\/wp-json\/wp\/v2\/users\/1"}],"replies":[{"embeddable":true,"href":"https:\/\/skiclubtaunus.de\/wms\/wp-json\/wp\/v2\/comments?post=73"}],"version-history":[{"count":51,"href":"https:\/\/skiclubtaunus.de\/wms\/wp-json\/wp\/v2\/pages\/73\/revisions"}],"predecessor-version":[{"id":970,"href":"https:\/\/skiclubtaunus.de\/wms\/wp-json\/wp\/v2\/pages\/73\/revisions\/970"}],"wp:attachment":[{"href":"https:\/\/skiclubtaunus.de\/wms\/wp-json\/wp\/v2\/media?parent=73"}],"curies":[{"name":"wp","href":"https:\/\/api.w.org\/{rel}","templated":true}]}}