{"id":655,"date":"2016-05-23T12:03:35","date_gmt":"2016-05-23T10:03:35","guid":{"rendered":"http:\/\/skiclubtaunus.de\/wms\/?page_id=655"},"modified":"2026-04-11T14:23:34","modified_gmt":"2026-04-11T12:23:34","slug":"studierendenfahrten","status":"publish","type":"page","link":"https:\/\/skiclubtaunus.de\/wms\/studierendenfahrten\/","title":{"rendered":"Studierendenfahrten"},"content":{"rendered":"<p><img loading=\"lazy\" decoding=\"async\" class=\"alignnone size-full wp-image-685\" src=\"https:\/\/skiclubtaunus.de\/wms\/wp-content\/uploads\/2024\/11\/VorlageBilderFahrten_Fruehjahrsfahrt_neu.png\" alt=\"VorlageBilderFahrten_Fr\u00fchjahrsfahrt\" width=\"1200\" height=\"226\"><br \/>\n<strong>Studierendenfahrt Nr.1 &#8211; Fr\u00fchjahrsfahrt ins Kaunertal &#8211; <em>ab 18<\/em><\/strong><br \/>\n<strong>12.03.2026 &#8211; 15.03.2026<\/strong><br \/>\nSeit 2015 bieten wir eine Fahrt f\u00fcr Studierende und Erwachsene ab 18 an. Zum Saisonausklang geht es ins Kaunertal. Hier erwarten uns leere Pisten, ein gut aufgestellter Funpark und erfahrungsgem\u00e4\u00df viel Schnee.<br \/>\n<p><img loading=\"lazy\" decoding=\"async\" class=\"wp-image-4225 alignnone\" src=\"http:\/\/skiclubtaunus.de\/wms\/wp-content\/uploads\/2016\/11\/Red.png\" width=\"15\" height=\"15\" \/><font color=\"#E44061\"><strong>&nbsp;&nbsp;Keine Pl\u00e4tze mehr verf\u00fcgbar<\/font><\/strong> (ggfs. auf Anfrage beim Fahrtenleiter)<\/p> <br \/>\n<em>Entf\u00e4llt leider.<\/em><br \/>\n<!--?php \/*\n[otw_shortcode_button href=\"https:\/\/skiclubtaunus.de\/wms\/fruehjahrsfahrt-kaunertal\/\" size=\"medium\" icon_position=\"left\" shape=\"radius\" color_class=\"otw-orange\"]Ausschreibung &amp; Anmeldung[\/otw_shortcode_button]\n*\/ ?--><\/p>\n<p><!--?php \/*\nFahrten die nicht dabei sind:\n\n\n\n<hr>\n\n\n\n<img loading=\"lazy\" decoding=\"async\" class=\"alignnone size-full wp-image-685\" src=\"http:\/\/skiclubtaunus.de\/wms\/wp-content\/uploads\/2018\/07\/VorlageBilderFahrten_KTO.jpg\" alt=\"VorlageBilderFahrten_KTO\" width=\"1200\" height=\"226\">\n<strong>Studierendenfahrt Nr.1 - Saisoneinklang im Kaunertal - <em>ab 18<\/em><\/strong>\n<strong>30.11.2023 - 03.12.2023<\/strong>\n\nGemeinsam mit euch wollen wir die Ski- &amp; Snowboard-Saison im Kaunertal einklingen lassen. Der Gletscher ist f\u00fcr Schneesicherheit und seinen Snowpark bekannt, der unz\u00e4hlige Kicker, Boxen und Rails bietet. Unsere Unterkunft liegt in Feichten im Kaunertal und der Gletscher ist mittels Skibus zu erreichen.\n[sc name=\"Cross\"]\n[otw_shortcode_button href=\"https:\/\/skiclubtaunus.de\/wms\/saisoneinklang-im-kaunertal-2\/\" size=\"medium\" icon_position=\"left\" shape=\"radius\" color_class=\"otw-orange\"]Ausschreibung &amp; Anmeldung[\/otw_shortcode_button]\n\n\n\n<hr>\n\n\n\n<img loading=\"lazy\" decoding=\"async\" class=\"alignnone size-full wp-image-685\" src=\"https:\/\/skiclubtaunus.de\/wms\/wp-content\/uploads\/2019\/12\/VorlageBilderFahrten_Fr\u00fchjahrsfahrt_neu.jpg\" alt=\"VorlageBilderFahrten_Fr\u00fchjahrsfahrt\" width=\"1200\" height=\"226\">\n<strong>Studierendenfahrt Nr.2 - Fr\u00fchjahrsfahrt ins Kaunertal - <em>ab 18<\/em><\/strong>\n<strong>11.04.2024 - 14.04.2024<\/strong>\nSeit 2015 bieten wir eine Fahrt f\u00fcr Studenten und Erwachsene ab 18 an. Zum Saisonausklang geht es ins Kaunertal. Hier erwarten uns leere Pisten, ein gut aufgestellter Funpark und erfahrungsgem\u00e4\u00df viel Schnee.\nDiesmal geht es in kleiner Runde w\u00e4hrend des \"Open Faces Freeride Contest\" und den \"Spring Classics\" ins Kaunertal.\n[sc name=\"Check\"]\n\n[otw_shortcode_button href=\"https:\/\/skiclubtaunus.de\/wms\/fruehjahrsfahrt-kaunertal\/\" size=\"medium\" icon_position=\"left\" shape=\"radius\" color_class=\"otw-orange\"]Ausschreibung &amp; Anmeldung[\/otw_shortcode_button]\n*\/ ?--><\/p>\n","protected":false},"excerpt":{"rendered":"<p>Studierendenfahrt Nr.1 &#8211; Fr\u00fchjahrsfahrt ins Kaunertal &#8211; ab 18 12.03.2026 &#8211; 15.03.2026 Seit 2015 bieten wir eine Fahrt f\u00fcr Studierende und Erwachsene ab 18 an. Zum Saisonausklang geht es ins Kaunertal. Hier erwarten uns leere Pisten, ein gut aufgestellter Funpark und erfahrungsgem\u00e4\u00df viel Schnee. Entf\u00e4llt leider.<\/p>\n","protected":false},"author":4,"featured_media":0,"parent":0,"menu_order":0,"comment_status":"closed","ping_status":"closed","template":"","meta":{"ngg_post_thumbnail":0,"footnotes":""},"class_list":["post-655","page","type-page","status-publish","hentry"],"_links":{"self":[{"href":"https:\/\/skiclubtaunus.de\/wms\/wp-json\/wp\/v2\/pages\/655","targetHints":{"allow":["GET"]}}],"collection":[{"href":"https:\/\/skiclubtaunus.de\/wms\/wp-json\/wp\/v2\/pages"}],"about":[{"href":"https:\/\/skiclubtaunus.de\/wms\/wp-json\/wp\/v2\/types\/page"}],"author":[{"embeddable":true,"href":"https:\/\/skiclubtaunus.de\/wms\/wp-json\/wp\/v2\/users\/4"}],"replies":[{"embeddable":true,"href":"https:\/\/skiclubtaunus.de\/wms\/wp-json\/wp\/v2\/comments?post=655"}],"version-history":[{"count":38,"href":"https:\/\/skiclubtaunus.de\/wms\/wp-json\/wp\/v2\/pages\/655\/revisions"}],"predecessor-version":[{"id":9523,"href":"https:\/\/skiclubtaunus.de\/wms\/wp-json\/wp\/v2\/pages\/655\/revisions\/9523"}],"wp:attachment":[{"href":"https:\/\/skiclubtaunus.de\/wms\/wp-json\/wp\/v2\/media?parent=655"}],"curies":[{"name":"wp","href":"https:\/\/api.w.org\/{rel}","templated":true}]}}