{"id":653,"date":"2016-05-23T12:03:17","date_gmt":"2016-05-23T10:03:17","guid":{"rendered":"http:\/\/skiclubtaunus.de\/wms\/?page_id=653"},"modified":"2026-04-11T14:23:33","modified_gmt":"2026-04-11T12:23:33","slug":"jugendfahrten","status":"publish","type":"page","link":"https:\/\/skiclubtaunus.de\/wms\/jugendfahrten\/","title":{"rendered":"Jugendfahrten"},"content":{"rendered":"<div id=\"Anchor\"><a href=\"#Fahrt1\">Jugendfahrt 1: \u00dcber Silvester in die Alpen<\/a>&nbsp;<\/div>\n<div id=\"Anchor\"><a href=\"#Fahrt2\">Jugendfahrt 2: Schneewoche Zell am See<\/a>&nbsp;<\/div>\n<div id=\"Anchor\"><a href=\"#Fahrt3\">Jugendfahrt 3: Sonnalm &#8211; Wohnen auf der Piste<\/a>&nbsp;<\/div>\n<div id=\"Anchor\"><a href=\"#Fahrt4\">Jugendfahrt 4: Chillout Ostern<\/a>&nbsp;<\/div>\n<hr>\n<p><img loading=\"lazy\" decoding=\"async\" id=\"Fahrt1\" class=\"alignnone size-full wp-image-687\" src=\"http:\/\/skiclubtaunus.de\/wms\/wp-content\/uploads\/2016\/05\/VorlageBilderFahrten_KitzWinter.jpg\" alt=\"VorlageBilderFahrten_KitzWinter\" width=\"1200\" height=\"226\" srcset=\"https:\/\/skiclubtaunus.de\/wms\/wp-content\/uploads\/2016\/05\/VorlageBilderFahrten_KitzWinter.jpg 1200w, https:\/\/skiclubtaunus.de\/wms\/wp-content\/uploads\/2016\/05\/VorlageBilderFahrten_KitzWinter-300x57.jpg 300w, https:\/\/skiclubtaunus.de\/wms\/wp-content\/uploads\/2016\/05\/VorlageBilderFahrten_KitzWinter-768x145.jpg 768w, https:\/\/skiclubtaunus.de\/wms\/wp-content\/uploads\/2016\/05\/VorlageBilderFahrten_KitzWinter-1024x193.jpg 1024w, https:\/\/skiclubtaunus.de\/wms\/wp-content\/uploads\/2016\/05\/VorlageBilderFahrten_KitzWinter-624x118.jpg 624w\" sizes=\"auto, (max-width: 1200px) 100vw, 1200px\" \/><br \/>\n<strong>Jugendfahrt Nr.1 &#8211; \u00dcber Silvester in die Alpen <em>&#8211; f\u00fcr 14-17-j\u00e4hrige<\/em><\/strong><br \/>\n<strong>vom 26.12.2025 bis 01.01.2026<\/strong><br \/>\nDu willst an Silvester ski- &amp; snowboardfahren, neue Leute kennenlernen und mit einem gro\u00dfes Mitternachtsfeuer in den Bergen das neue Jahr einl\u00e4uten? Dann bist du hier richtig.<br \/>\n<p><img loading=\"lazy\" decoding=\"async\" class=\"wp-image-4225 alignnone\" src=\"http:\/\/skiclubtaunus.de\/wms\/wp-content\/uploads\/2016\/11\/Red.png\" width=\"15\" height=\"15\" \/><font color=\"#E44061\"><strong>&nbsp;&nbsp;Keine Pl\u00e4tze mehr verf\u00fcgbar<\/font><\/strong> (ggfs. auf Anfrage beim Fahrtenleiter)<\/p> <\/p>\n<a href=\"https:\/\/skiclubtaunus.de\/wms\/jugendfahrt-ueber-silvester-in-die-alpen\/\" class=\"medium otw-orange radius otw-button\">Ausschreibung &amp; Anmeldung<\/a>\n<hr>\n<p><img loading=\"lazy\" decoding=\"async\" id=\"Fahrt2\" class=\"alignnone size-full wp-image-687\" src=\"http:\/\/skiclubtaunus.de\/wms\/wp-content\/uploads\/2016\/05\/VorlageBilderFahrten_KitzWinter.jpg\" alt=\"VorlageBilderFahrten_KitzWinter\" width=\"1200\" height=\"226\" srcset=\"https:\/\/skiclubtaunus.de\/wms\/wp-content\/uploads\/2016\/05\/VorlageBilderFahrten_KitzWinter.jpg 1200w, https:\/\/skiclubtaunus.de\/wms\/wp-content\/uploads\/2016\/05\/VorlageBilderFahrten_KitzWinter-300x57.jpg 300w, https:\/\/skiclubtaunus.de\/wms\/wp-content\/uploads\/2016\/05\/VorlageBilderFahrten_KitzWinter-768x145.jpg 768w, https:\/\/skiclubtaunus.de\/wms\/wp-content\/uploads\/2016\/05\/VorlageBilderFahrten_KitzWinter-1024x193.jpg 1024w, https:\/\/skiclubtaunus.de\/wms\/wp-content\/uploads\/2016\/05\/VorlageBilderFahrten_KitzWinter-624x118.jpg 624w\" sizes=\"auto, (max-width: 1200px) 100vw, 1200px\" \/><br \/>\n<strong>Jugendfahrt Nr.2 &#8211; Schneewoche Zell am See<\/strong> <em>&#8211; <strong>f\u00fcr 14-18-j\u00e4hrige<\/strong><\/em><br \/>\n<strong>vom 05.01.2026 bis 10.01.2026<\/strong><br \/>\nIn der Schneewoche kannst du im Kitzclub mit Freunden und neuen Bekannten<br \/>\ndas neue Jahr sportlich Einl\u00e4uten. Ob auf der Piste beim Skikurs, beim freien Fahren oder nachmittags beim Klettern oder Beachvolleyball. Im Jugendhotel Kitzclub ist f\u00fcr jeden das Richtige dabei.<br \/>\n<p><img loading=\"lazy\" decoding=\"async\" class=\"wp-image-4225 alignnone\" src=\"http:\/\/skiclubtaunus.de\/wms\/wp-content\/uploads\/2016\/11\/Red.png\" width=\"15\" height=\"15\" \/><font color=\"#E44061\"><strong>&nbsp;&nbsp;Keine Pl\u00e4tze mehr verf\u00fcgbar<\/font><\/strong> (ggfs. auf Anfrage beim Fahrtenleiter)<\/p> <\/p>\n<a href=\"https:\/\/skiclubtaunus.de\/wms\/jugendfahrt-schneewoche-zell-am-see\/\" class=\"medium otw-orange radius otw-button\">Ausschreibung &amp; Anmeldung<\/a>\n<hr>\n<p><img loading=\"lazy\" decoding=\"async\" id=\"Fahrt3\" src=\"http:\/\/skiclubtaunus.de\/wms\/wp-content\/uploads\/2016\/05\/VorlageBilderFahrten_Sonnalm.jpg\" alt=\"VorlageBilderFahrten_Sonnalm\" id=\"Fahrt1\" class=\"alignnone size-full wp-image-688\" width=\"1200\" height=\"226\" srcset=\"https:\/\/skiclubtaunus.de\/wms\/wp-content\/uploads\/2016\/05\/VorlageBilderFahrten_Sonnalm.jpg 1200w, https:\/\/skiclubtaunus.de\/wms\/wp-content\/uploads\/2016\/05\/VorlageBilderFahrten_Sonnalm-300x57.jpg 300w, https:\/\/skiclubtaunus.de\/wms\/wp-content\/uploads\/2016\/05\/VorlageBilderFahrten_Sonnalm-768x145.jpg 768w, https:\/\/skiclubtaunus.de\/wms\/wp-content\/uploads\/2016\/05\/VorlageBilderFahrten_Sonnalm-1024x193.jpg 1024w, https:\/\/skiclubtaunus.de\/wms\/wp-content\/uploads\/2016\/05\/VorlageBilderFahrten_Sonnalm-624x118.jpg 624w\" sizes=\"auto, (max-width: 1200px) 100vw, 1200px\" \/><br \/>\n<strong>Jugendfahrt Nr.3 &#8211; Sonnalm &#8211; Wohnen auf der Piste<\/strong> <em>&#8211; <strong>f\u00fcr 14-21-j\u00e4hrige<\/strong><\/em><br \/>\n<strong>vom 04.01.2026 bis 09.01.2026<\/strong><br \/>\nUntergebracht auf einer H\u00fctte direkt im Skigebiet, kommt ihr bei unser H\u00fctten-Klassiker morgens nach dem Aufstehen direkt auf die Piste. Dank der Lage direkt im Skigebiet ist das gar kein Problem.<br \/>\nDie ersten Pisten werden nur dir und deinen Freunden geh\u00f6ren. Auch nach dem Tag auf Skiern und Snowboards steht Aktivit\u00e4ten im Schnee nichts im Weg.<br \/>\n<p><img loading=\"lazy\" decoding=\"async\" class=\"wp-image-4225 alignnone\" src=\"http:\/\/skiclubtaunus.de\/wms\/wp-content\/uploads\/2016\/11\/Red.png\" width=\"15\" height=\"15\" \/><font color=\"#E44061\"><strong>&nbsp;&nbsp;Keine Pl\u00e4tze mehr verf\u00fcgbar<\/font><\/strong> (ggfs. auf Anfrage beim Fahrtenleiter)<\/p> <\/p>\n<a href=\"https:\/\/skiclubtaunus.de\/wms\/jugendfahrt-sonnalm-wohnen-auf-der-piste\/\" class=\"medium otw-orange radius otw-button\">Ausschreibung &amp; Anmeldung<\/a>\n<hr>\n<p><img loading=\"lazy\" decoding=\"async\" id=\"Fahrt4\" class=\"alignnone size-full wp-image-686\" src=\"http:\/\/skiclubtaunus.de\/wms\/wp-content\/uploads\/2016\/05\/VorlageBilderFahrten_KitzOstern.jpg\" alt=\"VorlageBilderFahrten_KitzOstern\" width=\"1200\" height=\"226\" srcset=\"https:\/\/skiclubtaunus.de\/wms\/wp-content\/uploads\/2016\/05\/VorlageBilderFahrten_KitzOstern.jpg 1200w, https:\/\/skiclubtaunus.de\/wms\/wp-content\/uploads\/2016\/05\/VorlageBilderFahrten_KitzOstern-300x57.jpg 300w, https:\/\/skiclubtaunus.de\/wms\/wp-content\/uploads\/2016\/05\/VorlageBilderFahrten_KitzOstern-768x145.jpg 768w, https:\/\/skiclubtaunus.de\/wms\/wp-content\/uploads\/2016\/05\/VorlageBilderFahrten_KitzOstern-1024x193.jpg 1024w, https:\/\/skiclubtaunus.de\/wms\/wp-content\/uploads\/2016\/05\/VorlageBilderFahrten_KitzOstern-624x118.jpg 624w\" sizes=\"auto, (max-width: 1200px) 100vw, 1200px\" \/><br \/>\n<strong>Jugendfahrt Nr.4 &#8211; Chillout an Ostern<\/strong> <em>&#8211; <strong>f\u00fcr 14-18-j\u00e4hrige<\/strong><\/em><br \/>\n<strong>vom 06.04.2026 bis 11.04.2026<\/strong><br \/>\nSch\u00f6nes Wetter, Firn, entspanntes Osterskifahren auf unserer traditionellen Chill Out Fahrt in den Osterferien.<br \/>\n<p><img loading=\"lazy\" decoding=\"async\" class=\"wp-image-4225 alignnone\" src=\"http:\/\/skiclubtaunus.de\/wms\/wp-content\/uploads\/2016\/11\/Red.png\" width=\"15\" height=\"15\" \/><font color=\"#E44061\"><strong>&nbsp;&nbsp;Keine Pl\u00e4tze mehr verf\u00fcgbar<\/font><\/strong> (ggfs. auf Anfrage beim Fahrtenleiter)<\/p> <\/p>\n<a href=\"https:\/\/skiclubtaunus.de\/wms\/jugendfahrt-chillout-an-ostern\/\" class=\"medium otw-orange radius otw-button\">Ausschreibung &amp; Anmeldung<\/a>\n<hr>\n<p><!--?php \/*\nFahrten die nicht dabei sind:\n\n\n\n<hr>\n\n\n\n<img loading=\"lazy\" decoding=\"async\" src=\"https:\/\/skiclubtaunus.de\/wms\/wp-content\/uploads\/2020\/10\/VorlageBilderFahrten_Fortbildung.jpg\" alt=\"VorlageBilderFahrten_KitzWinter\" id=\"Fahrt3\" class=\"alignnone size-full wp-image-687\" width=\"1200\" height=\"226\">\n<strong>Jugendfahrt Nr.3 - Fortbildungsfahrt - <em> mit Fortbildung f\u00fcr DSV Grundstufe \/ DSV Instructor Ski Alpin &amp; Snowboard, sowie Weiterbildung zum Thema \"Erste Hilfe Alpin\" am Abend<\/em><\/strong>\n<strong>vom 01.01.2021 bis 04.01.2021<\/strong>\nDieses Jahr m\u00f6chten wir euch eine Fortbildung f\u00fcr Ski Alpin und Snowboard mit innovativen\nKonzept bieten. Zus\u00e4tzlich zur Fortbildung auf der Piste, wird an zwei Abenden mit einem\nBergretter das Thema Erste Hilfe am Berg thematisiert. Das abendliche Training findet\ninteraktiv statt und bietet den Teilnehmern die M\u00f6glichkeit die Erste Hilfe Kenntnisse zu\nerweitern oder aufzufrischen, \u2013 f\u00fcr den \u00dcbungsleitereinsatz oder private Reisen\n\n[sc name=\"Cross\"]\n\n[otw_shortcode_button href=\"https:\/\/skiclubtaunus.de\/wms\/fortbildungsfahrt\" size=\"medium\" icon_position=\"left\" shape=\"radius\" color_class=\"otw-orange\"]Ausschreibung &amp; Anmeldung[\/otw_shortcode_button]\n\n*\/ ?--><\/p>\n","protected":false},"excerpt":{"rendered":"<p>Jugendfahrt 1: \u00dcber Silvester in die Alpen&nbsp; Jugendfahrt 2: Schneewoche Zell am See&nbsp; Jugendfahrt 3: Sonnalm &#8211; Wohnen auf der Piste&nbsp; Jugendfahrt 4: Chillout Ostern&nbsp; Jugendfahrt Nr.1 &#8211; \u00dcber Silvester in die Alpen &#8211; f\u00fcr 14-17-j\u00e4hrige vom 26.12.2025 bis 01.01.2026 Du willst an Silvester ski- &amp; snowboardfahren, neue Leute kennenlernen und mit einem gro\u00dfes Mitternachtsfeuer in den Bergen das neue&#8230; <a href=\"https:\/\/skiclubtaunus.de\/wms\/jugendfahrten\/\">Read more &raquo;<\/a><\/p>\n","protected":false},"author":4,"featured_media":0,"parent":0,"menu_order":0,"comment_status":"closed","ping_status":"closed","template":"","meta":{"ngg_post_thumbnail":0,"footnotes":""},"class_list":["post-653","page","type-page","status-publish","hentry"],"_links":{"self":[{"href":"https:\/\/skiclubtaunus.de\/wms\/wp-json\/wp\/v2\/pages\/653","targetHints":{"allow":["GET"]}}],"collection":[{"href":"https:\/\/skiclubtaunus.de\/wms\/wp-json\/wp\/v2\/pages"}],"about":[{"href":"https:\/\/skiclubtaunus.de\/wms\/wp-json\/wp\/v2\/types\/page"}],"author":[{"embeddable":true,"href":"https:\/\/skiclubtaunus.de\/wms\/wp-json\/wp\/v2\/users\/4"}],"replies":[{"embeddable":true,"href":"https:\/\/skiclubtaunus.de\/wms\/wp-json\/wp\/v2\/comments?post=653"}],"version-history":[{"count":142,"href":"https:\/\/skiclubtaunus.de\/wms\/wp-json\/wp\/v2\/pages\/653\/revisions"}],"predecessor-version":[{"id":9525,"href":"https:\/\/skiclubtaunus.de\/wms\/wp-json\/wp\/v2\/pages\/653\/revisions\/9525"}],"wp:attachment":[{"href":"https:\/\/skiclubtaunus.de\/wms\/wp-json\/wp\/v2\/media?parent=653"}],"curies":[{"name":"wp","href":"https:\/\/api.w.org\/{rel}","templated":true}]}}