{"id":607,"date":"2016-05-23T11:36:37","date_gmt":"2016-05-23T09:36:37","guid":{"rendered":"http:\/\/skiclubtaunus.de\/wms\/?page_id=607"},"modified":"2026-04-11T14:23:33","modified_gmt":"2026-04-11T12:23:33","slug":"jugend","status":"publish","type":"page","link":"https:\/\/skiclubtaunus.de\/wms\/jugend\/","title":{"rendered":"Jugend"},"content":{"rendered":"<div id=\"pl-607\"  class=\"panel-layout\" ><div id=\"pg-607-0\"  class=\"panel-grid panel-no-style\" ><div id=\"pgc-607-0-0\"  class=\"panel-grid-cell panel-grid-cell-empty\" ><\/div><\/div><div id=\"pg-607-1\"  class=\"panel-grid panel-no-style\" ><div id=\"pgc-607-1-0\"  class=\"panel-grid-cell\" ><div id=\"panel-607-1-0-0\" class=\"so-panel widget widget_sow-editor panel-first-child\" data-index=\"0\" ><div\n\t\t\t\n\t\t\tclass=\"so-widget-sow-editor so-widget-sow-editor-base\"\n\t\t\t\n\t\t>\n<div class=\"siteorigin-widget-tinymce textwidget\">\n\t<h1>Ski-Club Taunus YOUTH:<\/h1>\n<p>Wir sind die jungen, jugendlichen und jung gebliebenen Mitglieder des Ski-Club Taunus. Ein wilder Haufen von Wintersport-  und Outdoorbegeisterten die zu jeder Jahreszeit die Alpen, den Main oder verschiedene Seen unsicher machen. Wir lieben den (Winter-) Sport, den Spa\u00df in der Natur und vor allem die damit verbundene Gemeinschaft.<\/p>\n<p>Als Gruppe m\u00f6chten wir neues erleben, die Leidenschaft f\u00fcr die Berge teilen und mit anderen unsere Begeisterung ausleben. Wir sind ein junges Team aus Sch\u00fclern, Studierenden, Auszubildenden und manch einer munkelt, dass einige sogar schon arbeiten. <\/p>\n<p>Man trifft uns im Winter beim Skifahren oder Boarden, im Park oder auf der Piste, beim Beachvolleyball oder beim Karten spielen auf der H\u00fctte. Ihr findet uns im Fr\u00fchsommer auf dem Gletscher, im Sommer auf dem Main oder auch einfach mal beim Grillen im Garten. <\/p>\n<p>Wenn du von den Bergen auch nicht genug kriegst oder einfach der letzte Skiurlaub mit Mama und Papa zu langweilig war, freuen wir uns wenn du n\u00e4chste Saison bei uns dabei bist!<\/p>\n<div id=\"SCTYOUTH\">\n    <img loading=\"lazy\" decoding=\"async\" src=\"http:\/\/skiclubtaunus.de\/wms\/wp-content\/uploads\/2016\/05\/SCT-YOUTH-Logo-300x170.jpg\" alt=\"SCT-YOUTH Logo\" width=\"300\" height=\"170\" class=\"alignnone size-medium wp-image-1002\" srcset=\"https:\/\/skiclubtaunus.de\/wms\/wp-content\/uploads\/2016\/05\/SCT-YOUTH-Logo-300x170.jpg 300w, https:\/\/skiclubtaunus.de\/wms\/wp-content\/uploads\/2016\/05\/SCT-YOUTH-Logo-768x434.jpg 768w, https:\/\/skiclubtaunus.de\/wms\/wp-content\/uploads\/2016\/05\/SCT-YOUTH-Logo-1024x579.jpg 1024w, https:\/\/skiclubtaunus.de\/wms\/wp-content\/uploads\/2016\/05\/SCT-YOUTH-Logo-624x353.jpg 624w, https:\/\/skiclubtaunus.de\/wms\/wp-content\/uploads\/2016\/05\/SCT-YOUTH-Logo.jpg 2027w\" sizes=\"auto, (max-width: 300px) 100vw, 300px\" \/>\n<\/div>\n<p><head><br \/>\n<meta charset=\"utf-8\"\/> <\/p>\n<style> .entry-title { display:none; } <\/style>\n<style type=\"text\/css\">\n\/*< ![CDATA[*\/\ndiv#SCTYOUTH a img {\n  margin-right: 5px;\n  padding-bottom: 5px;\n  height: 170px;\n  width: 300px;\n  float: left;\n}\ndiv#SCTYOUTH{\n  position: absolute;\n  top: 385px;\nwidth: 150px;\n\n\n}\n\/*]]>*\/\n<\/style>\n<style>\n@media (max-width: 1096px) {\n  div#SCTYOUTH{\n    visibility: hidden;\n  position: absolute;\n  top: 385px;\nwidth: 150px;<\/p>\n<p>  }\n}<\/style>\n<p><\/head><\/p>\n<\/div>\n<\/div><\/div><div id=\"panel-607-1-0-1\" class=\"widget_text so-panel widget widget_custom_html panel-last-child\" data-index=\"1\" ><div class=\"textwidget custom-html-widget\"><script type=\"text\/javascript\" src=\"\/\/downloads.mailchimp.com\/js\/signup-forms\/popup\/embed.js\" data-dojo-config=\"usePlainJson: true, isDebug: false\"><\/script><script type=\"text\/javascript\">require([\"mojo\/signup-forms\/Loader\"], function(L) { L.start({\"baseUrl\":\"mc.us12.list-manage.com\",\"uuid\":\"be5ae5cf8a9272c413b65d59f\",\"lid\":\"73313498d1\"}) })<\/script><\/div><\/div><\/div><div id=\"pgc-607-1-1\"  class=\"panel-grid-cell\" ><div id=\"panel-607-1-1-0\" class=\"so-panel widget widget_sow-editor panel-first-child\" data-index=\"2\" ><div\n\t\t\t\n\t\t\tclass=\"so-widget-sow-editor so-widget-sow-editor-base\"\n\t\t\t\n\t\t>\n<div class=\"siteorigin-widget-tinymce textwidget\">\n\t<p><a href=\"https:\/\/www.skiclubtaunus.de\/wms\/jugendfahrten\/\"><img decoding=\"async\" src=\"http:\/\/skiclubtaunus.de\/wms\/wp-content\/uploads\/2016\/05\/Fahrtenoverlay_Jugendfahrten_color.jpg\" alt=\"\" onmouseover=\n\"src='http:\/\/skiclubtaunus.de\/wms\/wp-content\/uploads\/2016\/05\/Fahrtenoverlay_Jugendfahrten_sw.jpg'\" onmouseout=\"src='http:\/\/skiclubtaunus.de\/wms\/wp-content\/uploads\/2016\/05\/Fahrtenoverlay_Jugendfahrten_color.jpg'\" \/><\/a><\/p>\n<hr \/>\n<\/div>\n<\/div><\/div><div id=\"panel-607-1-1-1\" class=\"so-panel widget widget_rpwe_widget rpwe_widget recent-posts-extended panel-last-child\" data-index=\"3\" ><h3 class=\"widget-title\">Neues von der Jugend<\/h3><div  class=\"rpwe-block\"><ul class=\"rpwe-ul\"><li class=\"rpwe-li rpwe-clearfix\"><h3 class=\"rpwe-title\"><a href=\"https:\/\/skiclubtaunus.de\/wms\/2021\/09\/13\/neues-fahrtenprogramm-online\/\" target=\"_self\">Neues Fahrtenprogramm online<\/a><\/h3><time class=\"rpwe-time published\" datetime=\"2021-09-13T13:00:00+02:00\">13. September 2021<\/time><div class=\"rpwe-summary\">Unser neues Fahrtenprogramm ist endlich da! Diese Saison planen wir Schritt f\u00fcr Schritt und haben deshalb erstmal die Fahrten f\u00fcr die erste Saisonh\u00e4lfte ver\u00f6ffentlich. Trotz &hellip;<a href=\"https:\/\/skiclubtaunus.de\/wms\/2021\/09\/13\/neues-fahrtenprogramm-online\/\" class=\"more-link\">Mehr \u00bb<\/a><\/div><\/li><li class=\"rpwe-li rpwe-clearfix\"><h3 class=\"rpwe-title\"><a href=\"https:\/\/skiclubtaunus.de\/wms\/2021\/09\/05\/neu-fahrten-in-kuerze-online\/\" target=\"_self\">Neu Fahrten in K\u00fcrze online!<\/a><\/h3><time class=\"rpwe-time published\" datetime=\"2021-09-05T16:47:17+02:00\">5. September 2021<\/time><div class=\"rpwe-summary\">Die Tage werden k\u00fcrzer und der Winter r\u00fcckt n\u00e4her: Das bedeutet, alle wollen wieder in den Schnee. In den letzten Tag meldeten sich immer mehr &hellip;<a href=\"https:\/\/skiclubtaunus.de\/wms\/2021\/09\/05\/neu-fahrten-in-kuerze-online\/\" class=\"more-link\">Mehr \u00bb<\/a><\/div><\/li><li class=\"rpwe-li rpwe-clearfix\"><h3 class=\"rpwe-title\"><a href=\"https:\/\/skiclubtaunus.de\/wms\/2020\/02\/17\/neue-jugendfahrt-no-8-chill-fun-sun\/\" target=\"_self\">Neue Jugendfahrt No.8: Chill Fun Sun<\/a><\/h3><time class=\"rpwe-time published\" datetime=\"2020-02-17T23:00:52+01:00\">17. Februar 2020<\/time><div class=\"rpwe-summary\">Mit unserem Jugenfahrten-Mastermind Klaus H\u00fcbner geht es in der ersten Osterferienwoche \u201eback-to-the-roots\u201c auf die legend\u00e4re Sonnalm am Pass Thurn. Herzlich willkommen sind alle Jugendlichen die &hellip;<a href=\"https:\/\/skiclubtaunus.de\/wms\/2020\/02\/17\/neue-jugendfahrt-no-8-chill-fun-sun\/\" class=\"more-link\">Mehr \u00bb<\/a><\/div><\/li><li class=\"rpwe-li rpwe-clearfix\"><h3 class=\"rpwe-title\"><a href=\"https:\/\/skiclubtaunus.de\/wms\/2019\/12\/15\/weihnachtsrundschreiben-des-sct\/\" target=\"_self\">Weihnachtsrundschreiben des SCT<\/a><\/h3><time class=\"rpwe-time published\" datetime=\"2019-12-15T10:00:00+01:00\">15. Dezember 2019<\/time><div class=\"rpwe-summary\"><a href=\"https:\/\/skiclubtaunus.de\/wms\/2019\/12\/15\/weihnachtsrundschreiben-des-sct\/\" class=\"more-link\">Mehr \u00bb<\/a><\/div><\/li><li class=\"rpwe-li rpwe-clearfix\"><h3 class=\"rpwe-title\"><a href=\"https:\/\/skiclubtaunus.de\/wms\/2019\/08\/26\/rueckblick-auf-die-jahreshauptversammlung-und-jugendvollversammlung-2019\/\" target=\"_self\">R\u00fcckblick auf die Jahreshauptversammlung und Jugendvollversammlung 2019<\/a><\/h3><time class=\"rpwe-time published\" datetime=\"2019-08-26T18:37:17+02:00\">26. August 2019<\/time><div class=\"rpwe-summary\">Immer, wenn man gerade ein wenig Abstand vom Winter genommen hat, der Sommer sich eingel\u00e4utet hat, l\u00e4dt der SCT zur jahreshauptversammlung ein, um daran zu &hellip;<a href=\"https:\/\/skiclubtaunus.de\/wms\/2019\/08\/26\/rueckblick-auf-die-jahreshauptversammlung-und-jugendvollversammlung-2019\/\" class=\"more-link\">Mehr \u00bb<\/a><\/div><\/li><\/ul><\/div><!-- Generated by http:\/\/wordpress.org\/plugins\/recent-posts-widget-extended\/ --><\/div><\/div><\/div><\/div>","protected":false},"excerpt":{"rendered":"<p>Ski-Club Taunus YOUTH: Wir sind die jungen, jugendlichen und jung gebliebenen Mitglieder des Ski-Club Taunus. Ein wilder Haufen von Wintersport- und Outdoorbegeisterten die zu jeder Jahreszeit die Alpen, den Main oder verschiedene Seen unsicher machen. Wir lieben den (Winter-) Sport, den Spa\u00df in der Natur und vor allem die damit verbundene Gemeinschaft. Als Gruppe m\u00f6chten wir neues erleben, die Leidenschaft&#8230; <a href=\"https:\/\/skiclubtaunus.de\/wms\/jugend\/\">Read more &raquo;<\/a><\/p>\n","protected":false},"author":4,"featured_media":0,"parent":0,"menu_order":0,"comment_status":"closed","ping_status":"closed","template":"page-templates\/full-width.php","meta":{"ngg_post_thumbnail":0,"footnotes":""},"class_list":["post-607","page","type-page","status-publish","hentry"],"_links":{"self":[{"href":"https:\/\/skiclubtaunus.de\/wms\/wp-json\/wp\/v2\/pages\/607","targetHints":{"allow":["GET"]}}],"collection":[{"href":"https:\/\/skiclubtaunus.de\/wms\/wp-json\/wp\/v2\/pages"}],"about":[{"href":"https:\/\/skiclubtaunus.de\/wms\/wp-json\/wp\/v2\/types\/page"}],"author":[{"embeddable":true,"href":"https:\/\/skiclubtaunus.de\/wms\/wp-json\/wp\/v2\/users\/4"}],"replies":[{"embeddable":true,"href":"https:\/\/skiclubtaunus.de\/wms\/wp-json\/wp\/v2\/comments?post=607"}],"version-history":[{"count":36,"href":"https:\/\/skiclubtaunus.de\/wms\/wp-json\/wp\/v2\/pages\/607\/revisions"}],"predecessor-version":[{"id":4975,"href":"https:\/\/skiclubtaunus.de\/wms\/wp-json\/wp\/v2\/pages\/607\/revisions\/4975"}],"wp:attachment":[{"href":"https:\/\/skiclubtaunus.de\/wms\/wp-json\/wp\/v2\/media?parent=607"}],"curies":[{"name":"wp","href":"https:\/\/api.w.org\/{rel}","templated":true}]}}