{"id":605,"date":"2016-05-23T11:36:21","date_gmt":"2016-05-23T09:36:21","guid":{"rendered":"http:\/\/skiclubtaunus.de\/wms\/?page_id=605"},"modified":"2026-04-11T14:23:33","modified_gmt":"2026-04-11T12:23:33","slug":"skikurs-im-taunus","status":"publish","type":"page","link":"https:\/\/skiclubtaunus.de\/wms\/skikurs-im-taunus\/","title":{"rendered":"Skikurs im Taunus"},"content":{"rendered":"<p><\/p>\n<h2><span style=\"color: #ff0000;\"><strong>Aufgrund von Erkrankung des Leiters der Skischule muss diese leider bis auf weiteres ausfallen!<\/strong><\/span><\/h2>\n<p> <\/p>\n<p>Wir bitten um Verst\u00e4ndnis.<\/p>\n<p><\/p>\n\n<p><img loading=\"lazy\" decoding=\"async\" class=\"alignnone wp-image-695 size-full\" src=\"http:\/\/skiclubtaunus.de\/wms\/wp-content\/uploads\/2016\/05\/Skkurs.jpg\" alt=\"Skikurs im Taunus\" width=\"1200\" height=\"444\" srcset=\"https:\/\/skiclubtaunus.de\/wms\/wp-content\/uploads\/2016\/05\/Skkurs.jpg 1200w, https:\/\/skiclubtaunus.de\/wms\/wp-content\/uploads\/2016\/05\/Skkurs-300x111.jpg 300w, https:\/\/skiclubtaunus.de\/wms\/wp-content\/uploads\/2016\/05\/Skkurs-768x284.jpg 768w, https:\/\/skiclubtaunus.de\/wms\/wp-content\/uploads\/2016\/05\/Skkurs-1024x379.jpg 1024w, https:\/\/skiclubtaunus.de\/wms\/wp-content\/uploads\/2016\/05\/Skkurs-624x231.jpg 624w\" sizes=\"auto, (max-width: 1200px) 100vw, 1200px\" \/><\/p>\n<p><span style=\"color: #808080;\">Bei <strong>entsprechender Schneelage und wenn \u00dcbungsleitende zur Verf\u00fcgung stehen<\/strong> bieten wir mit unseren qualifizierten DSV\/HSV-Ski- und Snowboard-\u00dcbungsleitern und -Skilehrern im Taunus Ski- und Snowboardkurse an:<\/span><\/p>\n<p><span style=\"color: #808080;\"><strong>Treffpunkt:<\/strong><\/span><br><span style=\"color: #808080;\">Skih\u00fctte in Oberreifenberg am Pechberg (gro\u00dfer Parkplatz am Ortseingang vom Sandplacken kommend), Siegfriedstra\u00dfe, Ecke Kellerbornsweg<\/span><\/p>\n<p><span style=\"color: #808080;\"><strong>Termine:<\/strong><\/span><br><span style=\"color: #808080;\">samstags 14-16 Uhr (au\u00dfer in den Weihnachtsferien)<\/span><\/p>\n<p><span style=\"color: #808080;\">sonntags 10-12 Uhr (au\u00dfer in den Weihnachtsferien)<\/span><\/p>\n<div class=\".Abstand2\"><span style=\"color: #808080;\"><strong>Weitere Informationen und Anmeldung:<\/strong><\/span><\/div>\n<ul>\n<li><span style=\"color: #808080;\">zum Ski- oder Snowboardkurs oder ggf. auch Leihmaterial: 06172\/4998184 (SCT-Skikurs Telefon)<\/span><\/li>\n<li><span style=\"color: #808080;\">zur Schneelage: 06171\/507817 (Schneetelefon Taunus) oder \u00fcber die <a style=\"color: #808080;\" href=\"http:\/\/taunus.info\/webcams\/\">Feldberg Webcam<\/a><\/span><\/li>\n<\/ul>\n<p><span style=\"color: #808080;\">&gt;&gt; Auf Anfrage bieten wir auch <strong>Langlaufkurse<\/strong> an!! &lt;&lt;<\/span><br><span style=\"color: #808080;\">Au\u00dferdem: Auf unseren Ski- und Snowboardfreizeiten werden auch entsprechende Kurse angeboten<\/span><\/p>\n<p><span style=\"color: #808080;\"><strong>Impressionen<\/strong><\/span><\/p>\n<p><span style=\"color: #808080;\">[Not a valid template]<\/span><\/p>","protected":false},"excerpt":{"rendered":"<p>Aufgrund von Erkrankung des Leiters der Skischule muss diese leider bis auf weiteres ausfallen! Wir bitten um Verst\u00e4ndnis. Bei entsprechender Schneelage und wenn \u00dcbungsleitende zur Verf\u00fcgung stehen bieten wir mit unseren qualifizierten DSV\/HSV-Ski- und Snowboard-\u00dcbungsleitern und -Skilehrern im Taunus Ski- und Snowboardkurse an: Treffpunkt:Skih\u00fctte in Oberreifenberg am Pechberg (gro\u00dfer Parkplatz am Ortseingang vom Sandplacken kommend), Siegfriedstra\u00dfe, Ecke Kellerbornsweg Termine:samstags 14-16&#8230; <a href=\"https:\/\/skiclubtaunus.de\/wms\/skikurs-im-taunus\/\">Read more &raquo;<\/a><\/p>\n","protected":false},"author":4,"featured_media":0,"parent":0,"menu_order":0,"comment_status":"closed","ping_status":"closed","template":"","meta":{"ngg_post_thumbnail":0,"footnotes":""},"class_list":["post-605","page","type-page","status-publish","hentry"],"_links":{"self":[{"href":"https:\/\/skiclubtaunus.de\/wms\/wp-json\/wp\/v2\/pages\/605","targetHints":{"allow":["GET"]}}],"collection":[{"href":"https:\/\/skiclubtaunus.de\/wms\/wp-json\/wp\/v2\/pages"}],"about":[{"href":"https:\/\/skiclubtaunus.de\/wms\/wp-json\/wp\/v2\/types\/page"}],"author":[{"embeddable":true,"href":"https:\/\/skiclubtaunus.de\/wms\/wp-json\/wp\/v2\/users\/4"}],"replies":[{"embeddable":true,"href":"https:\/\/skiclubtaunus.de\/wms\/wp-json\/wp\/v2\/comments?post=605"}],"version-history":[{"count":17,"href":"https:\/\/skiclubtaunus.de\/wms\/wp-json\/wp\/v2\/pages\/605\/revisions"}],"predecessor-version":[{"id":9530,"href":"https:\/\/skiclubtaunus.de\/wms\/wp-json\/wp\/v2\/pages\/605\/revisions\/9530"}],"wp:attachment":[{"href":"https:\/\/skiclubtaunus.de\/wms\/wp-json\/wp\/v2\/media?parent=605"}],"curies":[{"name":"wp","href":"https:\/\/api.w.org\/{rel}","templated":true}]}}