{"id":593,"date":"2016-05-23T11:11:45","date_gmt":"2016-05-23T09:11:45","guid":{"rendered":"http:\/\/skiclubtaunus.de\/wms\/?page_id=593"},"modified":"2026-04-11T14:23:34","modified_gmt":"2026-04-11T12:23:34","slug":"woechentliches-training","status":"publish","type":"page","link":"https:\/\/skiclubtaunus.de\/wms\/woechentliches-training\/","title":{"rendered":"W\u00f6chentliches Training"},"content":{"rendered":"<p>Der Skiclub bietet Mitgleidern Trainingsm\u00f6glichkeiten in den Bereichen Ski-Gymnastik, Gymnastik und Ballspiele. Au\u00dferdem besteht die M\u00f6glichkeit sich der Wandergruppe anzuschliessen.<\/p>\n<p><a name=\"Wandern\"><\/a><\/p>\n<div class=\".Abstand2\"><strong>Wanderungen:<br \/>\n<\/strong><\/div>\n<ul>\n<li><span style=\"text-decoration: underline;\">Termine:<\/span>\n<ul>\n<li>werden von Fall zu Fall angeboten<\/li>\n<\/ul>\n<\/li>\n<li><span style=\"text-decoration: underline;\">Beschreibung:<\/span>\n<ul>\n<li>Vormittags Wandern mit der Sektion Bad Homburg mit anschlie\u00dfendem Mittagessen und Beisammensein<\/li>\n<\/ul>\n<\/li>\n<li><span style=\"text-decoration: underline;\">Auskunft:<\/span>\n<ul>\n<li>Wolfgang Fasbender, Tel. 0176 \/ 48133683<\/li>\n<\/ul>\n<\/li>\n<\/ul>\n<p><a name=\"Ski-Gymnastik\"><\/a><\/p>\n<div class=\".Abstand2\"><strong>Ski-Gymnastik:<\/strong><\/div>\n<ul>\n<li><span style=\"text-decoration: underline;\">Trainingszeiten:<\/span>\n<ul>\n<li>Donnerstag 18:30-19:30 Uhr<\/li>\n<\/ul>\n<\/li>\n<li><span style=\"text-decoration: underline;\">Beschreibung:<\/span>\n<ul>\n<li>Ski-Gymnastik und Ballspiele in der Turnhalle der <a href=\"https:\/\/mariascholzschule.de\/\" target=\"_blank\" rel=\"noopener\">Maria Scholz Schule, Bad Homburg<\/a><\/li>\n<\/ul>\n<\/li>\n<li><span style=\"text-decoration: underline;\">weitere Informationen:<\/span>\n<ul>\n<li>Melitta Leibssle, Tel. 069\/479421<\/li>\n<\/ul>\n<\/li>\n<\/ul>\n<p><a name=\"Gymnastikundballspiele\"><\/a><\/p>\n<div class=\".Abstand2\"><strong>Gymnastik und Ballspiele:<\/strong><\/div>\n<ul>\n<li><span style=\"text-decoration: underline;\">Trainingszeiten:<\/span>\n<ul>\n<li>Freitag 19-20:30 Uhr Uhr<\/li>\n<\/ul>\n<\/li>\n<li><span style=\"text-decoration: underline;\">Beschreibung:<\/span>\n<ul>\n<li>Gymnastik und Ballspiele in der Wallschule, Diesterwegstra\u00dfe 11, Eingang Launitzstra\u00dfe, Frankfurt<\/li>\n<\/ul>\n<\/li>\n<li><span style=\"text-decoration: underline;\">weitere Informationen:<\/span>\n<ul>\n<li>Jochen Weiss, Tel. 069\/681647<\/li>\n<\/ul>\n<\/li>\n<\/ul>\n","protected":false},"excerpt":{"rendered":"<p>Der Skiclub bietet Mitgleidern Trainingsm\u00f6glichkeiten in den Bereichen Ski-Gymnastik, Gymnastik und Ballspiele. Au\u00dferdem besteht die M\u00f6glichkeit sich der Wandergruppe anzuschliessen. Wanderungen: Termine: werden von Fall zu Fall angeboten Beschreibung: Vormittags Wandern mit der Sektion Bad Homburg mit anschlie\u00dfendem Mittagessen und Beisammensein Auskunft: Wolfgang Fasbender, Tel. 0176 \/ 48133683 Ski-Gymnastik: Trainingszeiten: Donnerstag 18:30-19:30 Uhr Beschreibung: Ski-Gymnastik und Ballspiele in der Turnhalle&#8230; <a href=\"https:\/\/skiclubtaunus.de\/wms\/woechentliches-training\/\">Read more &raquo;<\/a><\/p>\n","protected":false},"author":4,"featured_media":0,"parent":0,"menu_order":0,"comment_status":"closed","ping_status":"closed","template":"","meta":{"ngg_post_thumbnail":0,"footnotes":""},"class_list":["post-593","page","type-page","status-publish","hentry"],"_links":{"self":[{"href":"https:\/\/skiclubtaunus.de\/wms\/wp-json\/wp\/v2\/pages\/593","targetHints":{"allow":["GET"]}}],"collection":[{"href":"https:\/\/skiclubtaunus.de\/wms\/wp-json\/wp\/v2\/pages"}],"about":[{"href":"https:\/\/skiclubtaunus.de\/wms\/wp-json\/wp\/v2\/types\/page"}],"author":[{"embeddable":true,"href":"https:\/\/skiclubtaunus.de\/wms\/wp-json\/wp\/v2\/users\/4"}],"replies":[{"embeddable":true,"href":"https:\/\/skiclubtaunus.de\/wms\/wp-json\/wp\/v2\/comments?post=593"}],"version-history":[{"count":7,"href":"https:\/\/skiclubtaunus.de\/wms\/wp-json\/wp\/v2\/pages\/593\/revisions"}],"predecessor-version":[{"id":9289,"href":"https:\/\/skiclubtaunus.de\/wms\/wp-json\/wp\/v2\/pages\/593\/revisions\/9289"}],"wp:attachment":[{"href":"https:\/\/skiclubtaunus.de\/wms\/wp-json\/wp\/v2\/media?parent=593"}],"curies":[{"name":"wp","href":"https:\/\/api.w.org\/{rel}","templated":true}]}}