{"id":571,"date":"2016-05-23T09:58:49","date_gmt":"2016-05-23T07:58:49","guid":{"rendered":"http:\/\/skiclubtaunus.de\/wms\/?page_id=571"},"modified":"2026-04-11T14:23:33","modified_gmt":"2026-04-11T12:23:33","slug":"fahrten","status":"publish","type":"page","link":"https:\/\/skiclubtaunus.de\/wms\/fahrten\/","title":{"rendered":"Fahrten"},"content":{"rendered":"<h1>Unsere Fahrten:<\/h1>\n<div id=\"\" class=\"ff-root fruitful_alert ff-alert-info\">\n\t\n\t<i class=\"ff-icon\"><\/i>\n\t\n\t<strong>Information:<\/strong> Mit einem Klick auf das Bild, gelangst du zu den angebotenen Fahrten.<br \/>\n<a href=\"http:\/\/skiclubtaunus.de\/wms\/category\/fahrtenbericht\/\">Hier<\/a> gelangst du zu Fahrtenberichten der letzten Jahre.\t\n\t<a href=\"#\" class=\"ff-alert-dismiss\"><\/a>\n\n<\/div>\n<hr>\n<p><strong>Jugendfahrten:<\/strong><br \/>\nDu willst lieber mit Freunden in den Winterurlaub, ohne deine Eltern? Dann bist du hier genau richtig. Mehrmals im Jahr steuern wir unsere zwei Jugendziele an, den Kitzclub mit vielen Sportm\u00f6glichkeiten im Skigebiet Zell am See\/Kaprun und die Sonnalm in Pass Thurn\/Kitzb\u00fchel.<br \/>\n<a href=\"https:\/\/www.skiclubtaunus.de\/wms\/jugendfahrten\"><img decoding=\"async\" src=\"http:\/\/skiclubtaunus.de\/wms\/wp-content\/uploads\/2016\/05\/Fahrtenoverlay_Jugendfahrten_color.jpg\" alt=\"\" onmouseover=\"src='http:\/\/skiclubtaunus.de\/wms\/wp-content\/uploads\/2016\/05\/Fahrtenoverlay_Jugendfahrten_sw.jpg'\" onmouseout=\"src='http:\/\/skiclubtaunus.de\/wms\/wp-content\/uploads\/2016\/05\/Fahrtenoverlay_Jugendfahrten_color.jpg'\"><\/a><\/p>\n<hr>\n<p><strong>Familienfahrten:<\/strong><br \/>\nUnsere Familienfahrten bieten Spa\u00df f\u00fcr die ganze Familie, Kinderbetreuung, sowie Skikurs.<br \/>\nAn Weihnachten geht es nach S\u00fcdtirol und Ostern wird der Kronplatz unsicher gemacht.<br \/>\n<a href=\"https:\/\/www.skiclubtaunus.de\/wms\/familienfahrten\/\"><img decoding=\"async\" src=\"http:\/\/skiclubtaunus.de\/wms\/wp-content\/uploads\/2016\/05\/Fahrtenoverlay_Familienfahrt_color.jpg\" alt=\"\" onmouseover=\"src='http:\/\/skiclubtaunus.de\/wms\/wp-content\/uploads\/2016\/05\/Fahrtenoverlay_Familienfahrt_sw.jpg'\" onmouseout=\"src='http:\/\/skiclubtaunus.de\/wms\/wp-content\/uploads\/2016\/05\/Fahrtenoverlay_Familienfahrt_color.jpg'\"><\/a><\/p>\n<hr>\n<p><strong>Studierendenfahrten:<\/strong><br \/>\nSeit 2015 bieten wir auch Fahrten f\u00fcr Studierende und junge Erwachsene bis 30 Jahre an. Hier kannst du es mit gleichgesinnten ordentlich krachen lassen oder an verschiedenen Coachings teilnehmen und dein K\u00f6nnen im Park oder auf der Piste verbessern.<br \/>\n<a href=\"https:\/\/www.skiclubtaunus.de\/wms\/studierendenfahrten\/\"><img decoding=\"async\" src=\"https:\/\/skiclubtaunus.de\/wms\/wp-content\/uploads\/2024\/11\/Fahrtenoverlay_Studierendenfahrten.jpg\" alt=\"\" onmouseover=\"src='https:\/\/skiclubtaunus.de\/wms\/wp-content\/uploads\/2024\/11\/Fahrtenoverlay_Studierendenfahrten_sw.jpg'\" onmouseout=\"src='https:\/\/skiclubtaunus.de\/wms\/wp-content\/uploads\/2024\/11\/Fahrtenoverlay_Studierendenfahrten.jpg'\"><\/a><\/p>\n<hr>\n<p><strong>Erwachsenenfahrten:<\/strong><br \/>\nDiese Saison wieder neu im Programm: Fahrten f\u00fcr alle Erwachsenen. Das Leben geniessen, es auf der Piste ordentlich krachen lassen und neue Gleichgesinnte kennenlernen.<br \/>\n<a href=\"https:\/\/www.skiclubtaunus.de\/wms\/erwachsenenfahrten\/\"><img decoding=\"async\" src=\"http:\/\/skiclubtaunus.de\/wms\/wp-content\/uploads\/2016\/06\/Fahrtenoverlay_Erwachsenenfahrten.jpg\" alt=\"\" onmouseover=\"src='http:\/\/skiclubtaunus.de\/wms\/wp-content\/uploads\/2016\/06\/Fahrtenoverlay_Erwachsenenfahrten_bw.jpg'\" onmouseout=\"src='http:\/\/skiclubtaunus.de\/wms\/wp-content\/uploads\/2016\/06\/Fahrtenoverlay_Erwachsenenfahrten.jpg'\"><\/a><\/p>\n<hr>\n<p><script language=\"JavaScript\" type=\"text\/javascript\"><br \/>\n\/\/<![CDATA[\n<!-- hide from none JavaScript Browsers\n\nImage1 = new Image(1200,444)\nImage1.src = \"http:\/\/skiclubtaunus.de\/wms\/wp-content\/uploads\/2016\/05\/Fahrtenoverlay_Familienfahrt_sw.jpg\"\n\nImage2 = new Image(1200,444)\nImage2.src = \"http:\/\/skiclubtaunus.de\/wms\/wp-content\/uploads\/2016\/05\/Fahrtenoverlay_Jugendfahrten_sw.jpg\"\n\nImage3 = new Image(1200,444)\nImage3.src = \"http:\/\/skiclubtaunus.de\/wms\/wp-content\/uploads\/2016\/05\/Fahrtenoverlay_Studentenfahrten_sw.jpg\"\n\n\/\/ End Hiding -->\n\/\/]]><br \/>\n<\/script><\/p>\n<p><meta charset=\"utf-8\"><\/p>\n<style> .entry-title { display:none; } <\/style>\n","protected":false},"excerpt":{"rendered":"<p>Unsere Fahrten: Jugendfahrten: Du willst lieber mit Freunden in den Winterurlaub, ohne deine Eltern? Dann bist du hier genau richtig. Mehrmals im Jahr steuern wir unsere zwei Jugendziele an, den Kitzclub mit vielen Sportm\u00f6glichkeiten im Skigebiet Zell am See\/Kaprun und die Sonnalm in Pass Thurn\/Kitzb\u00fchel. Familienfahrten: Unsere Familienfahrten bieten Spa\u00df f\u00fcr die ganze Familie, Kinderbetreuung, sowie Skikurs. An Weihnachten geht&#8230; <a href=\"https:\/\/skiclubtaunus.de\/wms\/fahrten\/\">Read more &raquo;<\/a><\/p>\n","protected":false},"author":4,"featured_media":0,"parent":0,"menu_order":0,"comment_status":"closed","ping_status":"closed","template":"","meta":{"ngg_post_thumbnail":0,"footnotes":""},"class_list":["post-571","page","type-page","status-publish","hentry"],"_links":{"self":[{"href":"https:\/\/skiclubtaunus.de\/wms\/wp-json\/wp\/v2\/pages\/571","targetHints":{"allow":["GET"]}}],"collection":[{"href":"https:\/\/skiclubtaunus.de\/wms\/wp-json\/wp\/v2\/pages"}],"about":[{"href":"https:\/\/skiclubtaunus.de\/wms\/wp-json\/wp\/v2\/types\/page"}],"author":[{"embeddable":true,"href":"https:\/\/skiclubtaunus.de\/wms\/wp-json\/wp\/v2\/users\/4"}],"replies":[{"embeddable":true,"href":"https:\/\/skiclubtaunus.de\/wms\/wp-json\/wp\/v2\/comments?post=571"}],"version-history":[{"count":35,"href":"https:\/\/skiclubtaunus.de\/wms\/wp-json\/wp\/v2\/pages\/571\/revisions"}],"predecessor-version":[{"id":9265,"href":"https:\/\/skiclubtaunus.de\/wms\/wp-json\/wp\/v2\/pages\/571\/revisions\/9265"}],"wp:attachment":[{"href":"https:\/\/skiclubtaunus.de\/wms\/wp-json\/wp\/v2\/media?parent=571"}],"curies":[{"name":"wp","href":"https:\/\/api.w.org\/{rel}","templated":true}]}}