{"id":2,"date":"2015-09-17T23:25:52","date_gmt":"2015-09-17T21:25:52","guid":{"rendered":"http:\/\/skiclubtaunus.de\/wms\/?page_id=2"},"modified":"2026-04-11T14:23:33","modified_gmt":"2026-04-11T12:23:33","slug":"impressum","status":"publish","type":"page","link":"https:\/\/skiclubtaunus.de\/wms\/impressum\/","title":{"rendered":"Impressum"},"content":{"rendered":"<p>Ski-Club Taunus e.V.<\/p>\n<p>Heidetr\u00e4nkweg 4<br \/>\n61389 Schmitten<br \/>\nTelefon: +49 6082-2320<\/p>\n<p>E-Mail: info@ski-club-taunus.de<br \/>\nInternet: www.skiclubtaunus.de<\/p>\n<p>Vertretungsberechtigter Vorstand:<br \/>\nDominik Gross (1. Vorsitzender), Andreas Fauner (2.Vorsitzender), Heribert Franz (Kassenwart)<br \/>\nRegistergericht: Amtsgericht Frankfurt am Main<br \/>\nRegisternummer: 73 VR 6916<\/p>\n<p>Haftungshinweis: Trotz sorgf\u00e4ltiger inhaltlicher Kontrolle \u00fcbernehmen wir keine Haftung f\u00fcr die Inhalte externer Links. F\u00fcr den Inhalt der verlinkten Seiten sind ausschlie\u00dflich deren Betreiber verantwortlich.<\/p>\n","protected":false},"excerpt":{"rendered":"<p>Ski-Club Taunus e.V. Heidetr\u00e4nkweg 4 61389 Schmitten Telefon: +49 6082-2320 E-Mail: info@ski-club-taunus.de Internet: www.skiclubtaunus.de Vertretungsberechtigter Vorstand: Dominik Gross (1. Vorsitzender), Andreas Fauner (2.Vorsitzender), Heribert Franz (Kassenwart) Registergericht: Amtsgericht Frankfurt am Main Registernummer: 73 VR 6916 Haftungshinweis: Trotz sorgf\u00e4ltiger inhaltlicher Kontrolle \u00fcbernehmen wir keine Haftung f\u00fcr die Inhalte externer Links. F\u00fcr den Inhalt der verlinkten Seiten sind ausschlie\u00dflich deren Betreiber verantwortlich.<\/p>\n","protected":false},"author":1,"featured_media":0,"parent":0,"menu_order":0,"comment_status":"closed","ping_status":"closed","template":"","meta":{"ngg_post_thumbnail":0,"footnotes":""},"class_list":["post-2","page","type-page","status-publish","hentry"],"_links":{"self":[{"href":"https:\/\/skiclubtaunus.de\/wms\/wp-json\/wp\/v2\/pages\/2","targetHints":{"allow":["GET"]}}],"collection":[{"href":"https:\/\/skiclubtaunus.de\/wms\/wp-json\/wp\/v2\/pages"}],"about":[{"href":"https:\/\/skiclubtaunus.de\/wms\/wp-json\/wp\/v2\/types\/page"}],"author":[{"embeddable":true,"href":"https:\/\/skiclubtaunus.de\/wms\/wp-json\/wp\/v2\/users\/1"}],"replies":[{"embeddable":true,"href":"https:\/\/skiclubtaunus.de\/wms\/wp-json\/wp\/v2\/comments?post=2"}],"version-history":[{"count":6,"href":"https:\/\/skiclubtaunus.de\/wms\/wp-json\/wp\/v2\/pages\/2\/revisions"}],"predecessor-version":[{"id":9554,"href":"https:\/\/skiclubtaunus.de\/wms\/wp-json\/wp\/v2\/pages\/2\/revisions\/9554"}],"wp:attachment":[{"href":"https:\/\/skiclubtaunus.de\/wms\/wp-json\/wp\/v2\/media?parent=2"}],"curies":[{"name":"wp","href":"https:\/\/api.w.org\/{rel}","templated":true}]}}