{"id":16,"date":"2015-09-18T00:32:06","date_gmt":"2015-09-17T22:32:06","guid":{"rendered":"http:\/\/skiclubtaunus.de\/wms\/?page_id=16"},"modified":"2026-04-11T14:23:33","modified_gmt":"2026-04-11T12:23:33","slug":"sponsoren","status":"publish","type":"page","link":"https:\/\/skiclubtaunus.de\/wms\/sponsoren\/","title":{"rendered":"Sponsoren"},"content":{"rendered":"<p>Dank an alle unsere Sponsoren<\/p>\n<p><a href=\"http:\/\/www.aeroski.com\/\" target=\"_blank\" rel=\"noopener\">Aeroski<\/a><br \/>\nSki- und Golfreisen<br \/>\nVeith und Jens Erben<br \/>\nBanngarten 15<br \/>\n61273 Wehrheim<br \/>\nTel.: 06081 \/ 2082<br \/>\nFax: 06081 \/ 2086<br \/>\nMobil: 0179 \/ 2918263<\/p>\n<p><a href=\"http:\/\/www.dahm-haustechnik.de\/\" target=\"_blank\" rel=\"noopener\">Bruno Dahm GmbH &amp; Co. KG<\/a><br \/>\nKarl Heinz Dahm<br \/>\nHanauer Landstra\u00dfe 215<br \/>\n60414 Frankfurt<br \/>\nTel.: 069 \/ 439918<br \/>\nMobil: 0177 \/ 6827830<\/p>\n<p><a href=\"http:\/\/www.kramm-buero.de\/\" target=\"_blank\" rel=\"noopener\">Kramm B\u00fcrosysteme<\/a><br \/>\nB\u00fcro Kramm GmbH<br \/>\nThomas Kramm<br \/>\nBleidenstrasse 1<br \/>\n60311 Frankfurt<br \/>\nTel.: 069 \/ 29519400<br \/>\nMobil: 0162 \/ 2122240<\/p>\n<p><a href=\"http:\/\/www.pbgm.de\/start.htm\" target=\"_blank\" rel=\"noopener\">P B G<\/a><br \/>\nBaumanagement<br \/>\nChristoph Gutmann<br \/>\nFriedberger Landstrasse 8<br \/>\n60316 Frankfurt<br \/>\nTel.: 069 \/ 61992020<br \/>\nFax: 069 \/ 710442250<br \/>\nMobil: 0171 \/ 6146653<\/p>\n<p>Stephan Wich<br \/>\nBautenschutz und Baudekoration<br \/>\nAlt Schwanheim 1<br \/>\n60529 Frankfurt<br \/>\nTel.: 069 \/ 354454<br \/>\nMobil: 0172 \/ 6663271<\/p>\n<p><a href=\"http:\/\/www.werner-kohn.de\/\" target=\"_blank\" rel=\"noopener\">Werner Kohn GmbH<\/a><br \/>\nKomplettausstattungen f\u00fcr Gro\u00dfk\u00fcchen<br \/>\nund Gastronomie<br \/>\nStefanie Kohn von Hof und Irmgard Kohn<br \/>\nBahnstra\u00dfe 43<br \/>\n65843 Sulzbach<br \/>\nTel.: 06196 \/ 75150<\/p>\n<p><a href=\"https:\/\/www.atomic.com\/de-de\" target=\"_blank\" rel=\"noopener\">ATOMIC SKI<\/a><br \/>\nTim G\u00fcnther<br \/>\nHaingrabenstr. 33<br \/>\n60488 Frankfurt<\/p>\n<p>Wer hier sein Logo und\/oder einen Link sehen m\u00f6chte, schickt diese Infos (gif oder jpg und\/oder Internet-\/eMail-\/Postadresse) bitte an den <a href=\"mailto:webmaster@skiclubtaunus.de\" target=\"_blank\" rel=\"noopener\">Webmaster<\/a>.<\/p>\n","protected":false},"excerpt":{"rendered":"<p>Dank an alle unsere Sponsoren Aeroski Ski- und Golfreisen Veith und Jens Erben Banngarten 15 61273 Wehrheim Tel.: 06081 \/ 2082 Fax: 06081 \/ 2086 Mobil: 0179 \/ 2918263 Bruno Dahm GmbH &amp; Co. KG Karl Heinz Dahm Hanauer Landstra\u00dfe 215 60414 Frankfurt Tel.: 069 \/ 439918 Mobil: 0177 \/ 6827830 Kramm B\u00fcrosysteme B\u00fcro Kramm GmbH Thomas Kramm Bleidenstrasse 1&#8230; <a href=\"https:\/\/skiclubtaunus.de\/wms\/sponsoren\/\">Read more &raquo;<\/a><\/p>\n","protected":false},"author":1,"featured_media":0,"parent":0,"menu_order":0,"comment_status":"closed","ping_status":"closed","template":"","meta":{"ngg_post_thumbnail":0,"footnotes":""},"class_list":["post-16","page","type-page","status-publish","hentry"],"_links":{"self":[{"href":"https:\/\/skiclubtaunus.de\/wms\/wp-json\/wp\/v2\/pages\/16","targetHints":{"allow":["GET"]}}],"collection":[{"href":"https:\/\/skiclubtaunus.de\/wms\/wp-json\/wp\/v2\/pages"}],"about":[{"href":"https:\/\/skiclubtaunus.de\/wms\/wp-json\/wp\/v2\/types\/page"}],"author":[{"embeddable":true,"href":"https:\/\/skiclubtaunus.de\/wms\/wp-json\/wp\/v2\/users\/1"}],"replies":[{"embeddable":true,"href":"https:\/\/skiclubtaunus.de\/wms\/wp-json\/wp\/v2\/comments?post=16"}],"version-history":[{"count":8,"href":"https:\/\/skiclubtaunus.de\/wms\/wp-json\/wp\/v2\/pages\/16\/revisions"}],"predecessor-version":[{"id":8866,"href":"https:\/\/skiclubtaunus.de\/wms\/wp-json\/wp\/v2\/pages\/16\/revisions\/8866"}],"wp:attachment":[{"href":"https:\/\/skiclubtaunus.de\/wms\/wp-json\/wp\/v2\/media?parent=16"}],"curies":[{"name":"wp","href":"https:\/\/api.w.org\/{rel}","templated":true}]}}