{"id":1577,"date":"2016-06-09T23:00:18","date_gmt":"2016-06-09T21:00:18","guid":{"rendered":"http:\/\/skiclubtaunus.de\/wms\/?page_id=1577"},"modified":"2026-04-11T14:23:33","modified_gmt":"2026-04-11T12:23:33","slug":"erwachsenenfahrten","status":"publish","type":"page","link":"https:\/\/skiclubtaunus.de\/wms\/erwachsenenfahrten\/","title":{"rendered":"Erwachsenenfahrten"},"content":{"rendered":"<hr>\n<p><img loading=\"lazy\" decoding=\"async\" class=\"alignnone size-full wp-image-685\" src=\"http:\/\/skiclubtaunus.de\/wms\/wp-content\/uploads\/2016\/06\/VorlageBilderFahrten_Erwachsenenfahrt.jpg\" alt=\"VorlageBilderFahrten_Erwachsenenfahrt\" width=\"1200\" height=\"226\"><br \/>\n<strong>Erwachsenenfahrt Nr.1 &#8211; Skitour Sella Ronda<\/strong><br \/>\n<em>Skifahren &#8211; Regionale K\u00fcche genie\u00dfen \u2013 Entspannen im Wellnessbereich<\/em><br \/>\n<em>f\u00fcr Erwachsene<\/em><br \/>\n<strong>vom 21.02.2026 bis 28.02.2026<\/strong><br \/>\nPistenspa\u00df f\u00fcr Erwachsene am Kronplatz, eines der bekanntesten Skigebiete Italiens.<br \/>\nMit dem Dolomiti-Superskipass haben wir die M\u00f6glichkeit verschiedene Skigebiete in den Dolomiten zu befahren. Hierzu geh\u00f6rtauch die legend\u00e4re Skitour \u201eSELLA RONDA\u201c (Umrundung des Sella-Massivs).<br \/>\n<p><img loading=\"lazy\" decoding=\"async\" align=\"bottom\" src=\"http:\/\/skiclubtaunus.de\/wms\/wp-content\/uploads\/2016\/11\/Green.png\" alt=\"check-mark\" width=\"15\" height=\"15\" \/><font color=\"#41AD49\"><strong>&nbsp;&nbsp;Noch Pl\u00e4tze verf\u00fcgbar<\/font><\/strong><\/p>\r\n<\/p>\n<a href=\"https:\/\/skiclubtaunus.de\/wms\/erwachsenenfahrt-kronplatz\/\" class=\"medium otw-orange radius otw-button\">Ausschreibung &amp; Anmeldung<\/a>\n<hr>\n<p><!--?php \/*\n<img loading=\"lazy\" decoding=\"async\" class=\"alignnone size-full wp-image-685\" src=\"https:\/\/skiclubtaunus.de\/wms\/wp-content\/uploads\/2024\/11\/VorlageBilderFahrten_Fruehjahrsfahrt_neu.png\" alt=\"VorlageBilderFahrten_Fr\u00fchjahrsfahrt\" width=\"1200\" height=\"226\">\n<strong>Fahrt f\u00fcr junge Erwachsene Nr.2 - Fr\u00fchjahrsfahrt ins Kaunertal - <em>ab 18<\/em><\/strong>\n<strong>12.03.2026-15.03.2026<\/strong>\nSeit 2015 bieten wir eine Fahrt f\u00fcr Studierende und Erwachsene ab 18 an. Zum Saisonausklang geht es ins Kaunertal. Hier erwarten uns leere Pisten, ein gut aufgestellter Funpark und erfahrungsgem\u00e4\u00df viel Schnee.\n[sc name=\"Check\"]\n<em>Ausschreibung und Anmeldung folgen.<\/em>\n\n[otw_shortcode_button href=\"https:\/\/skiclubtaunus.de\/wms\/fruehjahrsfahrt-kaunertal\/\" size=\"medium\" icon_position=\"left\" shape=\"radius\" color_class=\"otw-orange\"]Ausschreibung &amp; Anmeldung[\/otw_shortcode_button]\n*\/ ?--><br \/>\n<!--?php \/*\nFahrten die nicht dabei sind:\n\n\n\n\n\n<hr>\n\n\n\n<img loading=\"lazy\" decoding=\"async\" class=\"alignnone size-full wp-image-685\" src=\"http:\/\/skiclubtaunus.de\/wms\/wp-content\/uploads\/2018\/07\/VorlageBilderFahrten_KTO.jpg\" alt=\"VorlageBilderFahrten_KTO\" width=\"1200\" height=\"226\">\n<strong>Fahrt f\u00fcr junge Erwachsene Nr.1 - Saisoneinklang im Kaunertal - <em>ab 18<\/em><\/strong>\n<strong>TBD<\/strong>\n\nGemeinsam mit euch wollen wir die Ski- &amp; Snowboard-Saison im Kaunertal einklingen lassen. Der Gletscher ist f\u00fcr Schneesicherheit und seinen Snowpark bekannt, der unz\u00e4hlige Kicker, Boxen und Rails bietet. Unsere Unterkunft liegt in Feichten im Kaunertal und der Gletscher ist mittels Skibus zu erreichen.\n[sc name=\"Check\"]\n\n[otw_shortcode_button href=\"https:\/\/skiclubtaunus.de\/wms\/saisoneinklang-im-kaunertal-2\/\" size=\"medium\" icon_position=\"left\" shape=\"radius\" color_class=\"otw-orange\"]Ausschreibung &amp; Anmeldung[\/otw_shortcode_button]\n\n\n\n\n\n<hr>\n\n\n\n*\/ ?--><\/p>\n","protected":false},"excerpt":{"rendered":"<p>Erwachsenenfahrt Nr.1 &#8211; Skitour Sella Ronda Skifahren &#8211; Regionale K\u00fcche genie\u00dfen \u2013 Entspannen im Wellnessbereich f\u00fcr Erwachsene vom 21.02.2026 bis 28.02.2026 Pistenspa\u00df f\u00fcr Erwachsene am Kronplatz, eines der bekanntesten Skigebiete Italiens. Mit dem Dolomiti-Superskipass haben wir die M\u00f6glichkeit verschiedene Skigebiete in den Dolomiten zu befahren. Hierzu geh\u00f6rtauch die legend\u00e4re Skitour \u201eSELLA RONDA\u201c (Umrundung des Sella-Massivs).<\/p>\n","protected":false},"author":4,"featured_media":0,"parent":0,"menu_order":0,"comment_status":"closed","ping_status":"closed","template":"","meta":{"ngg_post_thumbnail":0,"footnotes":""},"class_list":["post-1577","page","type-page","status-publish","hentry"],"_links":{"self":[{"href":"https:\/\/skiclubtaunus.de\/wms\/wp-json\/wp\/v2\/pages\/1577","targetHints":{"allow":["GET"]}}],"collection":[{"href":"https:\/\/skiclubtaunus.de\/wms\/wp-json\/wp\/v2\/pages"}],"about":[{"href":"https:\/\/skiclubtaunus.de\/wms\/wp-json\/wp\/v2\/types\/page"}],"author":[{"embeddable":true,"href":"https:\/\/skiclubtaunus.de\/wms\/wp-json\/wp\/v2\/users\/4"}],"replies":[{"embeddable":true,"href":"https:\/\/skiclubtaunus.de\/wms\/wp-json\/wp\/v2\/comments?post=1577"}],"version-history":[{"count":67,"href":"https:\/\/skiclubtaunus.de\/wms\/wp-json\/wp\/v2\/pages\/1577\/revisions"}],"predecessor-version":[{"id":9522,"href":"https:\/\/skiclubtaunus.de\/wms\/wp-json\/wp\/v2\/pages\/1577\/revisions\/9522"}],"wp:attachment":[{"href":"https:\/\/skiclubtaunus.de\/wms\/wp-json\/wp\/v2\/media?parent=1577"}],"curies":[{"name":"wp","href":"https:\/\/api.w.org\/{rel}","templated":true}]}}