{"id":1045,"date":"2016-06-07T14:41:16","date_gmt":"2016-06-07T12:41:16","guid":{"rendered":"http:\/\/skiclubtaunus.de\/wms\/?page_id=1045"},"modified":"2026-04-11T14:23:33","modified_gmt":"2026-04-11T12:23:33","slug":"jugendfahrt-chillout-an-ostern","status":"publish","type":"page","link":"https:\/\/skiclubtaunus.de\/wms\/jugendfahrt-chillout-an-ostern\/","title":{"rendered":"Jugendfahrt 4 &#8211; Chillout an Ostern"},"content":{"rendered":"<p><strong>Jugendfahrt Nr.4 &#8211; Chillout an Ostern<\/strong> <em>&#8211; <strong>f\u00fcr 14-18-j\u00e4hrige<\/strong><\/em><br \/>\n<strong>vom 06.04.2026 bis 11.04.2026<\/strong><\/p>\n<p><img loading=\"lazy\" decoding=\"async\" class=\"alignnone size-full wp-image-686\" src=\"http:\/\/skiclubtaunus.de\/wms\/wp-content\/uploads\/2016\/05\/VorlageBilderFahrten_KitzOstern.jpg\" alt=\"VorlageBilderFahrten_KitzOstern\" width=\"1200\" height=\"226\" srcset=\"https:\/\/skiclubtaunus.de\/wms\/wp-content\/uploads\/2016\/05\/VorlageBilderFahrten_KitzOstern.jpg 1200w, https:\/\/skiclubtaunus.de\/wms\/wp-content\/uploads\/2016\/05\/VorlageBilderFahrten_KitzOstern-300x57.jpg 300w, https:\/\/skiclubtaunus.de\/wms\/wp-content\/uploads\/2016\/05\/VorlageBilderFahrten_KitzOstern-768x145.jpg 768w, https:\/\/skiclubtaunus.de\/wms\/wp-content\/uploads\/2016\/05\/VorlageBilderFahrten_KitzOstern-1024x193.jpg 1024w, https:\/\/skiclubtaunus.de\/wms\/wp-content\/uploads\/2016\/05\/VorlageBilderFahrten_KitzOstern-624x118.jpg 624w\" sizes=\"auto, (max-width: 1200px) 100vw, 1200px\" \/><\/p>\n<div class=\".Abstand2\"><span style=\"font-size: medium;\"><strong>Beschreibung:<\/strong><\/span><\/div>\n<p>Sch\u00f6nes Wetter, Firn, entspanntes Osterskifahren auf unserer traditionellen Chill Out Fahrt in den Osterferien.<\/p>\n<div class=\"Abstand2\"><span style=\"font-size: medium;\"><strong>Leistungen:<\/strong><\/span><\/div>\n<ul>\n<li>Anreise:\n<ul>\n<li>Hinfahrt: 06.04., mit dem Bus vom Bahnhofsplatz Bad Homburg, 8.00 Uhr<\/li>\n<li>R\u00fcckfahrt: 11.04., Ankunft in Bad Homburg ca. 24 Uhr<\/li>\n<\/ul>\n<\/li>\n<li>5 \u00dcbernachtungen mit Fr\u00fchst\u00fcck, Lunchpaket und Abendessen, sowie Getr\u00e4nke zu den Mahlzeiten<\/li>\n<li>t\u00e4gliche Fahrt ins Skigebiet<\/li>\n<li>Liftpass f\u00fcr 5 Tage im Skigebiet Gletscher Kaprun\/Schmittenh\u00f6he<\/li>\n<li>Ski- und Snowboardkurs, sowie Betreuung durch \u00dcbungsleiter des SC Taunus und des hessischen Skiverbands<\/li>\n<li>Gigantische Sportm\u00f6glichkeiten: Indoor Klettergarten, Beachvolleyball- und Trampolinbereich, Boulderhalle<\/li>\n<li>Workshops zu Themen des Schneesports je nach Nachfrage und Schneelage<\/li>\n<\/ul>\n<div class=\".Abstand3\"><strong>Unterkunft:<\/strong><\/div>\n<p>Jugendhotel Club Kitzsteinhorn, neben der Areitbahn <a href=\"http:\/\/www.jugendclub.at\/\">www.jugendclub.at<\/a><br \/>\nUnterbringung in modernen 4\/5 Bettzimmern mit DU\/Bad, WC, abschlie\u00dfbarem Schrank (Vorh\u00e4ngeschloss mitbringen), Sporthalle, Beachvolleyball- und Trampolinbereich, Kletter-, sowie Boulderhalle, hauseigener Pizzaria, Tischtennis- und Squashraum<\/p>\n<div class=\".Abstand3\"><strong>Mitzubringen:<\/strong><\/div>\n<p>G\u00fcltiger Ausweis, Krankenversicherungskarte, zweckm\u00e4\u00dfige Wintersportbekleidung, moderne, funktionst\u00fcchtige Skiausr\u00fcstung (kann auch g\u00fcnstig geliehen werden), Skibrille, Helm (Pflicht!), R\u00fcckenprotektor (empfehlenswert, f\u00fcr Freestyler Pflicht), Sportausr\u00fcstung (Sportschuhe, Badehose f\u00fcr Volleyball, kurze Sporthose,&#8230;), Badesachen, Handt\u00fccher, Spiele, etc.<\/p>\n<div class=\".Abstand3\"><strong>Preise:<\/strong><\/div>\n<table>\n<tbody>\n<tr>\n<th>Jahrgang<\/th>\n<th>Mitglieder<\/th>\n<th>Nicht-Mitglieder<\/th>\n<\/tr>\n<tr>\n<td>bis 2010<\/td>\n<td>\u20ac 709<\/td>\n<td>\u20ac 759<\/td>\n<\/tr>\n<tr>\n<td>2007-2009<\/td>\n<td>\u20ac 809<\/td>\n<td>\u20ac 859<\/td>\n<\/tr>\n<tr>\n<td>ab 2006<\/td>\n<td>\u20ac 919<\/td>\n<td>\u20ac 969<\/td>\n<\/tr>\n<\/tbody>\n<\/table>\n<p><em>Bei Vereineintritt in den SCT werden Nicht-Mitgliedern 30 \u20ac angerechnet.<\/em><\/p>\n<div class=\".Abstand3\"><strong>Zahlung:<\/strong><\/div>\n<p>Zahlung <u>bis 01.03.2026<\/u> auf das Konto:<br \/>\nSki Club Taunus e.V. &#8211; IBAN: DE23 500 502 010 000 279 960 &#8211; BIC: HELADEF1822<br \/>\nVermerk: \u201eChillout Ostern \u2013 Teilnehmername(n)\u201c<\/p>\n<div class=\".Abstand3\"><strong>Ansprechpartner:<\/strong><\/div>\n<div style=\"float: left; width: 110px; padding-top: 10px;\">\n<img loading=\"lazy\" decoding=\"async\" title=\"\" src=\"https:\/\/skiclubtaunus.de\/wms\/wp-content\/uploads\/2023\/09\/Stefan_Wendeling_Ausschreibung.jpg\" alt=\"\" width=\"233\" height=\"300\"><\/div>\n<div style=\"margin-left: 70px;  padding-left: 50px; padding-top: 5px \">\nStefan Wendling<br \/>\nmobil: +49 160 8019749<br \/>\nemail: stefan.wendling@skiclubtaunus.de<\/p>\n<\/div>\n<div style=\"margin: 100px 0 0 0;\"><a class=\"medium otw-grey radius otw-button\" target=\"_blank\">Jetzt Buchen<\/a>\n<\/div>\n<p><img loading=\"lazy\" decoding=\"async\" class=\"wp-image-4225 alignnone\" src=\"http:\/\/skiclubtaunus.de\/wms\/wp-content\/uploads\/2016\/11\/Red.png\" width=\"15\" height=\"15\" \/><font color=\"#E44061\"><strong>&nbsp;&nbsp;Keine Pl\u00e4tze mehr verf\u00fcgbar<\/font><\/strong> (ggfs. auf Anfrage beim Fahrtenleiter)<\/p> \n","protected":false},"excerpt":{"rendered":"<p>Jugendfahrt Nr.4 &#8211; Chillout an Ostern &#8211; f\u00fcr 14-18-j\u00e4hrige vom 06.04.2026 bis 11.04.2026 Beschreibung: Sch\u00f6nes Wetter, Firn, entspanntes Osterskifahren auf unserer traditionellen Chill Out Fahrt in den Osterferien. Leistungen: Anreise: Hinfahrt: 06.04., mit dem Bus vom Bahnhofsplatz Bad Homburg, 8.00 Uhr R\u00fcckfahrt: 11.04., Ankunft in Bad Homburg ca. 24 Uhr 5 \u00dcbernachtungen mit Fr\u00fchst\u00fcck, Lunchpaket und Abendessen, sowie Getr\u00e4nke zu&#8230; <a href=\"https:\/\/skiclubtaunus.de\/wms\/jugendfahrt-chillout-an-ostern\/\">Read more &raquo;<\/a><\/p>\n","protected":false},"author":4,"featured_media":0,"parent":0,"menu_order":0,"comment_status":"closed","ping_status":"closed","template":"","meta":{"ngg_post_thumbnail":0,"footnotes":""},"class_list":["post-1045","page","type-page","status-publish","hentry"],"_links":{"self":[{"href":"https:\/\/skiclubtaunus.de\/wms\/wp-json\/wp\/v2\/pages\/1045","targetHints":{"allow":["GET"]}}],"collection":[{"href":"https:\/\/skiclubtaunus.de\/wms\/wp-json\/wp\/v2\/pages"}],"about":[{"href":"https:\/\/skiclubtaunus.de\/wms\/wp-json\/wp\/v2\/types\/page"}],"author":[{"embeddable":true,"href":"https:\/\/skiclubtaunus.de\/wms\/wp-json\/wp\/v2\/users\/4"}],"replies":[{"embeddable":true,"href":"https:\/\/skiclubtaunus.de\/wms\/wp-json\/wp\/v2\/comments?post=1045"}],"version-history":[{"count":57,"href":"https:\/\/skiclubtaunus.de\/wms\/wp-json\/wp\/v2\/pages\/1045\/revisions"}],"predecessor-version":[{"id":9520,"href":"https:\/\/skiclubtaunus.de\/wms\/wp-json\/wp\/v2\/pages\/1045\/revisions\/9520"}],"wp:attachment":[{"href":"https:\/\/skiclubtaunus.de\/wms\/wp-json\/wp\/v2\/media?parent=1045"}],"curies":[{"name":"wp","href":"https:\/\/api.w.org\/{rel}","templated":true}]}}