{"id":1034,"date":"2016-06-07T14:03:37","date_gmt":"2016-06-07T12:03:37","guid":{"rendered":"http:\/\/skiclubtaunus.de\/wms\/?page_id=1034"},"modified":"2026-04-11T14:23:33","modified_gmt":"2026-04-11T12:23:33","slug":"jugendfahrt-sonnalm-wohnen-auf-der-piste","status":"publish","type":"page","link":"https:\/\/skiclubtaunus.de\/wms\/jugendfahrt-sonnalm-wohnen-auf-der-piste\/","title":{"rendered":"Jugendfahrt 3 &#8211; Sonnalm &#8211; Wohnen auf der Piste"},"content":{"rendered":"<p><strong>Jugendfahrt Nr.3 &#8211; Sonnalm &#8211; Wohnen auf der Piste<\/strong> <em>&#8211; <strong>f\u00fcr 14-21-j\u00e4hrige<\/strong><\/em><br \/>\n<strong>vom 04.01.2026 bis 09.01.2026<\/strong><\/p>\n<p><img loading=\"lazy\" decoding=\"async\" class=\"alignnone size-full wp-image-688\" src=\"http:\/\/skiclubtaunus.de\/wms\/wp-content\/uploads\/2016\/05\/VorlageBilderFahrten_Sonnalm.jpg\" alt=\"VorlageBilderFahrten_Sonnalm\" width=\"1200\" height=\"226\" srcset=\"https:\/\/skiclubtaunus.de\/wms\/wp-content\/uploads\/2016\/05\/VorlageBilderFahrten_Sonnalm.jpg 1200w, https:\/\/skiclubtaunus.de\/wms\/wp-content\/uploads\/2016\/05\/VorlageBilderFahrten_Sonnalm-300x57.jpg 300w, https:\/\/skiclubtaunus.de\/wms\/wp-content\/uploads\/2016\/05\/VorlageBilderFahrten_Sonnalm-768x145.jpg 768w, https:\/\/skiclubtaunus.de\/wms\/wp-content\/uploads\/2016\/05\/VorlageBilderFahrten_Sonnalm-1024x193.jpg 1024w, https:\/\/skiclubtaunus.de\/wms\/wp-content\/uploads\/2016\/05\/VorlageBilderFahrten_Sonnalm-624x118.jpg 624w\" sizes=\"auto, (max-width: 1200px) 100vw, 1200px\" \/><\/p>\n<div class=\".Abstand2\"><span style=\"font-size: medium;\"><strong>Beschreibung:<\/strong><\/span><\/div>\n<p>Unser H\u00fctten-Klassiker mit eurem \u00dcbungsleiterteam. Morgens aus dem Bett und direkt auf die Piste, dank der Lage direkt im Skigebiet ist das gar kein Problem.<br \/>\nDie ersten Pisten werden nur dir und deinen Freunden geh\u00f6ren.<\/p>\n<div class=\"Abstand2\"><span style=\"font-size: medium;\"><strong>Leistungen:<\/strong><\/span><\/div>\n<ul>\n<li>Anreise:\n<ul>\n<li>Hinfahrt: 04.01., mit dem Bus vom Bahnhofsplatz Bad Homburg, 08:00 Uhr<\/li>\n<li>R\u00fcckfahrt: 09.01., Ankunft in Bad Homburg ca. 24 Uhr<\/li>\n<\/ul>\n<\/li>\n<li>5 \u00dcbernachtungen mit Fr\u00fchst\u00fcck, Mittagessen\/Lunchpaket und Abendessen, sowie Getr\u00e4nke zu den Mahlzeiten<\/li>\n<li>Wohnen direkt im Skigebiet, Fahrt mit dem Skidoo in die Unterkunft<\/li>\n<li>Liftpass f\u00fcr 5 Tage im Skigebiet Resterh\u00f6he\/Kitzb\u00fchel<\/li>\n<li>Ski- und Snowboardkurs, sowie Betreuung durch \u00dcbungsleiter des SC Taunus und des hessischen Skiverbands<\/li>\n<li>je nach Schnee &amp; Wetter: Nachtskifahrt, M\u00fcllt\u00fctenrutschen, etc.<\/li>\n<\/ul>\n<div class=\".Abstand3\"><strong>Unterkunft:<\/strong><\/div>\n<p>Sonnalm, im Skigebiet Resterh\u00f6he neben dem 2000er <a href=\"http:\/\/www.sonnalm.net\/\">www.sonnalm.net<\/a><br \/>\nUnterbringung in neu renovierten 6 \u2013 8 Bett Zimmern mit Dusche\/Bad, WC, Skikeller mit beheizbaren Skischuhst\u00e4ndern, Hauseigener Apr\u00e9s-Ski-Schirm<\/p>\n<div class=\".Abstand3\"><strong>Mitzubringen:<\/strong><\/div>\n<p>G\u00fcltiger Ausweis, Krankenversicherungskarte, zweckm\u00e4\u00dfige Wintersportbekleidung, moderne, funktionst\u00fcchtige Skiausr\u00fcstung, Skibrille, Helm (Pflicht!), R\u00fcckenprotektor (empfehlenswert, f\u00fcr Freestyler Pflicht), Handt\u00fccher, Spiele, etc.<\/p>\n<div id=\"\" class=\"ff-root fruitful_alert ff-alert-info\">\n\t\n\t<i class=\"ff-icon\"><\/i>\n\t\n\tDiese Fahrt eignet sich nur f\u00fcr Teilnehmer, die schon Sessellift fahren k\u00f6nnen. Keine Anf\u00e4ngerkurse m\u00f6glich! Ausleihen von Material vor Ort nicht m\u00f6glich!\t\n\t<a href=\"#\" class=\"ff-alert-dismiss\"><\/a>\n\n<\/div>\n<div class=\".Abstand3\"><strong>Preise:<\/strong><\/div>\n<table>\n<tbody>\n<tr>\n<th>Jahrgang<\/th>\n<th>Mitglieder<\/th>\n<th>Nicht-Mitglieder<\/th>\n<\/tr>\n<tr>\n<td>bis 2010<\/td>\n<td>\u20ac 719<\/td>\n<td>\u20ac 769<\/td>\n<\/tr>\n<tr>\n<td>2007-2009<\/td>\n<td>\u20ac 859<\/td>\n<td>\u20ac 909<\/td>\n<\/tr>\n<tr>\n<td>ab 2006<\/td>\n<td>\u20ac 929<\/td>\n<td>\u20ac 979<\/td>\n<\/tr>\n<\/tbody>\n<\/table>\n<p><em>Bei Vereinseintritt in den SCT werden Nicht-Mitgliedern 30\u20ac angerechnet.<\/em><\/p>\n<div class=\".Abstand3\"><strong>Zahlung:<\/strong><\/div>\n<p>Zahlung <u>bis 01.12.2024<\/u> auf das Konto:<br \/>\nSki Club Taunus e.V. &#8211; IBAN: DE23 500 502 010 000 279 960 &#8211; BIC: HELADEF1822<br \/>\nVermerk: \u201eSonnalm \u2013 Teilnehmername(n)\u201c<\/p>\n<div class=\".Abstand3\"><strong>Ansprechpartner:<\/strong><\/div>\n<div style=\"float: left; width: 110px; padding-top: 10px;\">\n<img loading=\"lazy\" decoding=\"async\" title=\"\" src=\"https:\/\/skiclubtaunus.de\/wms\/wp-content\/uploads\/2024\/09\/Celine_Sydow_Ausschreibung.jpg\" alt=\"\" width=\"233\" height=\"300\"><\/div>\n<div style=\"margin-left: 70px;  padding-left: 50px; padding-top: 5px \">\nCeline Sydow<br \/>\nmobil: +49 173 8819154<br \/>\nemail: celine@skiclubtaunus.de<\/div>\n<div style=\"margin: 100px 0 0 0;\"><a href=\"http:\/\/skiclubtaunus.de\/wms\/anmeldung-jugendfahrt-3\/\" class=\"medium otw-aqua radius otw-button\" target=\"_blank\">Jetzt Buchen<\/a><\/div>\n<p><img loading=\"lazy\" decoding=\"async\" class=\"wp-image-4225 alignnone\" src=\"http:\/\/skiclubtaunus.de\/wms\/wp-content\/uploads\/2016\/11\/Red.png\" width=\"15\" height=\"15\" \/><font color=\"#E44061\"><strong>&nbsp;&nbsp;Keine Pl\u00e4tze mehr verf\u00fcgbar<\/font><\/strong> (ggfs. auf Anfrage beim Fahrtenleiter)<\/p> \n","protected":false},"excerpt":{"rendered":"<p>Jugendfahrt Nr.3 &#8211; Sonnalm &#8211; Wohnen auf der Piste &#8211; f\u00fcr 14-21-j\u00e4hrige vom 04.01.2026 bis 09.01.2026 Beschreibung: Unser H\u00fctten-Klassiker mit eurem \u00dcbungsleiterteam. Morgens aus dem Bett und direkt auf die Piste, dank der Lage direkt im Skigebiet ist das gar kein Problem. Die ersten Pisten werden nur dir und deinen Freunden geh\u00f6ren. Leistungen: Anreise: Hinfahrt: 04.01., mit dem Bus vom&#8230; <a href=\"https:\/\/skiclubtaunus.de\/wms\/jugendfahrt-sonnalm-wohnen-auf-der-piste\/\">Read more &raquo;<\/a><\/p>\n","protected":false},"author":4,"featured_media":0,"parent":0,"menu_order":0,"comment_status":"closed","ping_status":"closed","template":"","meta":{"ngg_post_thumbnail":0,"footnotes":""},"class_list":["post-1034","page","type-page","status-publish","hentry"],"_links":{"self":[{"href":"https:\/\/skiclubtaunus.de\/wms\/wp-json\/wp\/v2\/pages\/1034","targetHints":{"allow":["GET"]}}],"collection":[{"href":"https:\/\/skiclubtaunus.de\/wms\/wp-json\/wp\/v2\/pages"}],"about":[{"href":"https:\/\/skiclubtaunus.de\/wms\/wp-json\/wp\/v2\/types\/page"}],"author":[{"embeddable":true,"href":"https:\/\/skiclubtaunus.de\/wms\/wp-json\/wp\/v2\/users\/4"}],"replies":[{"embeddable":true,"href":"https:\/\/skiclubtaunus.de\/wms\/wp-json\/wp\/v2\/comments?post=1034"}],"version-history":[{"count":62,"href":"https:\/\/skiclubtaunus.de\/wms\/wp-json\/wp\/v2\/pages\/1034\/revisions"}],"predecessor-version":[{"id":9526,"href":"https:\/\/skiclubtaunus.de\/wms\/wp-json\/wp\/v2\/pages\/1034\/revisions\/9526"}],"wp:attachment":[{"href":"https:\/\/skiclubtaunus.de\/wms\/wp-json\/wp\/v2\/media?parent=1034"}],"curies":[{"name":"wp","href":"https:\/\/api.w.org\/{rel}","templated":true}]}}